    {"id":6055,"date":"2020-02-26T17:04:09","date_gmt":"2020-02-26T17:04:09","guid":{"rendered":"https:\/\/www.ccb.pt\/alugar-espacos\/"},"modified":"2026-03-16T14:55:37","modified_gmt":"2026-03-16T14:55:37","slug":"congressandconferencecentre","status":"publish","type":"page","link":"https:\/\/www.ccb.pt\/en\/congressandconferencecentre\/","title":{"rendered":"Congress and Conference Centre"},"content":{"rendered":"\r\n<h3><strong>Warning: Module 1 at CCB is temporarily without access between floors 1 and 3 for visitors with reduced mobility. We appreciate your understanding.<\/strong><\/h3>\r\n<p>&nbsp;<\/p>\r\n<p><strong>Situated between the Jer\u00f3nimos Monastery and the Bel\u00e9m Tower, the Meeting Centre of the Centro Cultural de Bel\u00e9m is an ideal space for holding all types of institutional, corporate, scientific, commercial, cultural and social events.<\/strong><\/p>\r\n<p>&nbsp;<\/p>\r\n<p>The Bel\u00e9m Cultural Centre Foundation is a place of culture, freedom and encounter, where people and ideas come together. Its activity is grounded in democratic values that guide and sustain its mission.<br \/><br \/>Located in the west of Lisbon, overlooking the Tagus river and harmoniously into its architectural surroundings, dominated by the splendid Jer\u00f3nimos Monastery, and with the Bel\u00e9m Tower just a stone&#8217;s throw away, the Centro Cultural de Bel\u00e9m is a historical meeting point in Lisbon, designed to be just a small part of the city both in terms of its geography and in its relationship with the river.<\/p>\r\n","protected":false},"excerpt":{"rendered":"<p>Warning: Module 1 at CCB is temporarily without access between floors 1 and 3 for visitors with reduced mobility. We appreciate your understanding. &nbsp; Situated between the Jer\u00f3nimos Monastery and the Bel\u00e9m Tower, the Meeting Centre of the Centro Cultural de Bel\u00e9m is an ideal space for holding all types of institutional, corporate, scientific, commercial, [&hellip;]<\/p>\n","protected":false},"author":1,"featured_media":36592,"parent":0,"menu_order":0,"comment_status":"closed","ping_status":"closed","template":"template-alugarespacos.php","meta":{"_relevanssi_hide_post":"","_relevanssi_pin_for_all":"","_relevanssi_pin_keywords":"","_relevanssi_unpin_keywords":"","_relevanssi_related_keywords":"","_relevanssi_related_include_ids":"","_relevanssi_related_exclude_ids":"","_relevanssi_related_no_append":"","_relevanssi_related_not_related":"","_relevanssi_related_posts":"","_relevanssi_noindex_reason":"","footnotes":""},"categories":[],"acf":[],"yoast_head":"<!-- This site is optimized with the Yoast SEO plugin v22.3 - https:\/\/yoast.com\/wordpress\/plugins\/seo\/ -->\n<title>Congress and Conference Centre - Centro Cultural de Bel\u00e9m Foundation<\/title>\n<meta name=\"robots\" content=\"index, follow, max-snippet:-1, max-image-preview:large, max-video-preview:-1\" \/>\n<link rel=\"canonical\" href=\"https:\/\/www.ccb.pt\/en\/congressandconferencecentre\/\" \/>\n<meta property=\"og:locale\" content=\"en_US\" \/>\n<meta property=\"og:type\" content=\"article\" \/>\n<meta property=\"og:title\" content=\"Congress and Conference Centre - Centro Cultural de Bel\u00e9m Foundation\" \/>\n<meta property=\"og:description\" content=\"Warning: Module 1 at CCB is temporarily without access between floors 1 and 3 for visitors with reduced mobility. We appreciate your understanding. &nbsp; Situated between the Jer\u00f3nimos Monastery and the Bel\u00e9m Tower, the Meeting Centre of the Centro Cultural de Bel\u00e9m is an ideal space for holding all types of institutional, corporate, scientific, commercial, [&hellip;]\" \/>\n<meta property=\"og:url\" content=\"https:\/\/www.ccb.pt\/en\/congressandconferencecentre\/\" \/>\n<meta property=\"og:site_name\" content=\"Centro Cultural de Bel\u00e9m Foundation\" \/>\n<meta property=\"article:modified_time\" content=\"2026-03-16T14:55:37+00:00\" \/>\n<meta property=\"og:image\" content=\"https:\/\/www.ccb.pt\/wp-content\/uploads\/2021\/03\/CovidOut_1300x618_3.jpg\" \/>\n\t<meta property=\"og:image:width\" content=\"1300\" \/>\n\t<meta property=\"og:image:height\" content=\"618\" \/>\n\t<meta property=\"og:image:type\" content=\"image\/jpeg\" \/>\n<meta name=\"twitter:card\" content=\"summary_large_image\" \/>\n<meta name=\"twitter:site\" content=\"@macccb_museu\" \/>\n<meta name=\"twitter:label1\" content=\"Est. reading time\" \/>\n\t<meta name=\"twitter:data1\" content=\"2 minutes\" \/>\n<script type=\"application\/ld+json\" class=\"yoast-schema-graph\">{\"@context\":\"https:\/\/schema.org\",\"@graph\":[{\"@type\":\"WebPage\",\"@id\":\"https:\/\/www.ccb.pt\/en\/congressandconferencecentre\/\",\"url\":\"https:\/\/www.ccb.pt\/en\/congressandconferencecentre\/\",\"name\":\"Congress and Conference Centre - Centro Cultural de Bel\u00e9m Foundation\",\"isPartOf\":{\"@id\":\"https:\/\/www.ccb.pt\/#website\"},\"primaryImageOfPage\":{\"@id\":\"https:\/\/www.ccb.pt\/en\/congressandconferencecentre\/#primaryimage\"},\"image\":{\"@id\":\"https:\/\/www.ccb.pt\/en\/congressandconferencecentre\/#primaryimage\"},\"thumbnailUrl\":\"https:\/\/www.ccb.pt\/wp-content\/uploads\/2021\/03\/CovidOut_1300x618_3.jpg\",\"datePublished\":\"2020-02-26T17:04:09+00:00\",\"dateModified\":\"2026-03-16T14:55:37+00:00\",\"breadcrumb\":{\"@id\":\"https:\/\/www.ccb.pt\/en\/congressandconferencecentre\/#breadcrumb\"},\"inLanguage\":\"en-US\",\"potentialAction\":[{\"@type\":\"ReadAction\",\"target\":[\"https:\/\/www.ccb.pt\/en\/congressandconferencecentre\/\"]}]},{\"@type\":\"ImageObject\",\"inLanguage\":\"en-US\",\"@id\":\"https:\/\/www.ccb.pt\/en\/congressandconferencecentre\/#primaryimage\",\"url\":\"https:\/\/www.ccb.pt\/wp-content\/uploads\/2021\/03\/CovidOut_1300x618_3.jpg\",\"contentUrl\":\"https:\/\/www.ccb.pt\/wp-content\/uploads\/2021\/03\/CovidOut_1300x618_3.jpg\",\"width\":1300,\"height\":618,\"caption\":\"Imagem da fachada principal do CCB\"},{\"@type\":\"BreadcrumbList\",\"@id\":\"https:\/\/www.ccb.pt\/en\/congressandconferencecentre\/#breadcrumb\",\"itemListElement\":[{\"@type\":\"ListItem\",\"position\":1,\"name\":\"Home\",\"item\":\"https:\/\/www.ccb.pt\/en\/\"},{\"@type\":\"ListItem\",\"position\":2,\"name\":\"Congress and Conference Centre\"}]},{\"@type\":\"WebSite\",\"@id\":\"https:\/\/www.ccb.pt\/#website\",\"url\":\"https:\/\/www.ccb.pt\/\",\"name\":\"Centro Cultural de Bel\u00e9m Foundation\",\"description\":\"\",\"publisher\":{\"@id\":\"https:\/\/www.ccb.pt\/#organization\"},\"potentialAction\":[{\"@type\":\"SearchAction\",\"target\":{\"@type\":\"EntryPoint\",\"urlTemplate\":\"https:\/\/www.ccb.pt\/?s={search_term_string}\"},\"query-input\":\"required name=search_term_string\"}],\"inLanguage\":\"en-US\"},{\"@type\":\"Organization\",\"@id\":\"https:\/\/www.ccb.pt\/#organization\",\"name\":\"Centro Cultural de Bel\u00e9m Foundation\",\"url\":\"https:\/\/www.ccb.pt\/\",\"logo\":{\"@type\":\"ImageObject\",\"inLanguage\":\"en-US\",\"@id\":\"https:\/\/www.ccb.pt\/#\/schema\/logo\/image\/\",\"url\":\"https:\/\/www.ccb.pt\/wp-content\/uploads\/2022\/05\/1_ccb.png\",\"contentUrl\":\"https:\/\/www.ccb.pt\/wp-content\/uploads\/2022\/05\/1_ccb.png\",\"width\":126,\"height\":100,\"caption\":\"Centro Cultural de Bel\u00e9m Foundation\"},\"image\":{\"@id\":\"https:\/\/www.ccb.pt\/#\/schema\/logo\/image\/\"},\"sameAs\":[\"https:\/\/twitter.com\/macccb_museu\"]}]}<\/script>\n<!-- \/ Yoast SEO plugin. -->","yoast_head_json":{"title":"Congress and Conference Centre - Centro Cultural de Bel\u00e9m Foundation","robots":{"index":"index","follow":"follow","max-snippet":"max-snippet:-1","max-image-preview":"max-image-preview:large","max-video-preview":"max-video-preview:-1"},"canonical":"https:\/\/www.ccb.pt\/en\/congressandconferencecentre\/","og_locale":"en_US","og_type":"article","og_title":"Congress and Conference Centre - Centro Cultural de Bel\u00e9m Foundation","og_description":"Warning: Module 1 at CCB is temporarily without access between floors 1 and 3 for visitors with reduced mobility. We appreciate your understanding. &nbsp; Situated between the Jer\u00f3nimos Monastery and the Bel\u00e9m Tower, the Meeting Centre of the Centro Cultural de Bel\u00e9m is an ideal space for holding all types of institutional, corporate, scientific, commercial, [&hellip;]","og_url":"https:\/\/www.ccb.pt\/en\/congressandconferencecentre\/","og_site_name":"Centro Cultural de Bel\u00e9m Foundation","article_modified_time":"2026-03-16T14:55:37+00:00","og_image":[{"width":1300,"height":618,"url":"https:\/\/www.ccb.pt\/wp-content\/uploads\/2021\/03\/CovidOut_1300x618_3.jpg","type":"image\/jpeg"}],"twitter_card":"summary_large_image","twitter_site":"@macccb_museu","twitter_misc":{"Est. reading time":"2 minutes"},"schema":{"@context":"https:\/\/schema.org","@graph":[{"@type":"WebPage","@id":"https:\/\/www.ccb.pt\/en\/congressandconferencecentre\/","url":"https:\/\/www.ccb.pt\/en\/congressandconferencecentre\/","name":"Congress and Conference Centre - Centro Cultural de Bel\u00e9m Foundation","isPartOf":{"@id":"https:\/\/www.ccb.pt\/#website"},"primaryImageOfPage":{"@id":"https:\/\/www.ccb.pt\/en\/congressandconferencecentre\/#primaryimage"},"image":{"@id":"https:\/\/www.ccb.pt\/en\/congressandconferencecentre\/#primaryimage"},"thumbnailUrl":"https:\/\/www.ccb.pt\/wp-content\/uploads\/2021\/03\/CovidOut_1300x618_3.jpg","datePublished":"2020-02-26T17:04:09+00:00","dateModified":"2026-03-16T14:55:37+00:00","breadcrumb":{"@id":"https:\/\/www.ccb.pt\/en\/congressandconferencecentre\/#breadcrumb"},"inLanguage":"en-US","potentialAction":[{"@type":"ReadAction","target":["https:\/\/www.ccb.pt\/en\/congressandconferencecentre\/"]}]},{"@type":"ImageObject","inLanguage":"en-US","@id":"https:\/\/www.ccb.pt\/en\/congressandconferencecentre\/#primaryimage","url":"https:\/\/www.ccb.pt\/wp-content\/uploads\/2021\/03\/CovidOut_1300x618_3.jpg","contentUrl":"https:\/\/www.ccb.pt\/wp-content\/uploads\/2021\/03\/CovidOut_1300x618_3.jpg","width":1300,"height":618,"caption":"Imagem da fachada principal do CCB"},{"@type":"BreadcrumbList","@id":"https:\/\/www.ccb.pt\/en\/congressandconferencecentre\/#breadcrumb","itemListElement":[{"@type":"ListItem","position":1,"name":"Home","item":"https:\/\/www.ccb.pt\/en\/"},{"@type":"ListItem","position":2,"name":"Congress and Conference Centre"}]},{"@type":"WebSite","@id":"https:\/\/www.ccb.pt\/#website","url":"https:\/\/www.ccb.pt\/","name":"Centro Cultural de Bel\u00e9m Foundation","description":"","publisher":{"@id":"https:\/\/www.ccb.pt\/#organization"},"potentialAction":[{"@type":"SearchAction","target":{"@type":"EntryPoint","urlTemplate":"https:\/\/www.ccb.pt\/?s={search_term_string}"},"query-input":"required name=search_term_string"}],"inLanguage":"en-US"},{"@type":"Organization","@id":"https:\/\/www.ccb.pt\/#organization","name":"Centro Cultural de Bel\u00e9m Foundation","url":"https:\/\/www.ccb.pt\/","logo":{"@type":"ImageObject","inLanguage":"en-US","@id":"https:\/\/www.ccb.pt\/#\/schema\/logo\/image\/","url":"https:\/\/www.ccb.pt\/wp-content\/uploads\/2022\/05\/1_ccb.png","contentUrl":"https:\/\/www.ccb.pt\/wp-content\/uploads\/2022\/05\/1_ccb.png","width":126,"height":100,"caption":"Centro Cultural de Bel\u00e9m Foundation"},"image":{"@id":"https:\/\/www.ccb.pt\/#\/schema\/logo\/image\/"},"sameAs":["https:\/\/twitter.com\/macccb_museu"]}]}},"_links":{"self":[{"href":"https:\/\/www.ccb.pt\/en\/wp-json\/wp\/v2\/pages\/6055"}],"collection":[{"href":"https:\/\/www.ccb.pt\/en\/wp-json\/wp\/v2\/pages"}],"about":[{"href":"https:\/\/www.ccb.pt\/en\/wp-json\/wp\/v2\/types\/page"}],"author":[{"embeddable":true,"href":"https:\/\/www.ccb.pt\/en\/wp-json\/wp\/v2\/users\/1"}],"replies":[{"embeddable":true,"href":"https:\/\/www.ccb.pt\/en\/wp-json\/wp\/v2\/comments?post=6055"}],"version-history":[{"count":77,"href":"https:\/\/www.ccb.pt\/en\/wp-json\/wp\/v2\/pages\/6055\/revisions"}],"predecessor-version":[{"id":277420,"href":"https:\/\/www.ccb.pt\/en\/wp-json\/wp\/v2\/pages\/6055\/revisions\/277420"}],"wp:featuredmedia":[{"embeddable":true,"href":"https:\/\/www.ccb.pt\/en\/wp-json\/wp\/v2\/media\/36592"}],"wp:attachment":[{"href":"https:\/\/www.ccb.pt\/en\/wp-json\/wp\/v2\/media?parent=6055"}],"wp:term":[{"taxonomy":"category","embeddable":true,"href":"https:\/\/www.ccb.pt\/en\/wp-json\/wp\/v2\/categories?post=6055"}],"curies":[{"name":"wp","href":"https:\/\/api.w.org\/{rel}","templated":true}]}}