    {"id":27737,"date":"2020-11-17T16:32:15","date_gmt":"2020-11-17T16:32:15","guid":{"rendered":"https:\/\/www.ccb.pt\/no-fundo-portugal-e-mar-visita-virtual\/"},"modified":"2022-06-07T12:25:23","modified_gmt":"2022-06-07T11:25:23","slug":"no-fundo-portugal-e-mar-visita-virtual","status":"publish","type":"page","link":"https:\/\/www.ccb.pt\/en\/no-fundo-portugal-e-mar-visita-virtual\/","title":{"rendered":"Deep down Portugal is the Sea &#8211; The virtual tour"},"content":{"rendered":"\n<div class=\"wp-block-buttons is-layout-flex wp-block-buttons-is-layout-flex\">\n<div class=\"wp-block-button is-style-fill\"><a class=\"wp-block-button__link\" href=\"https:\/\/www.ccb.pt\/visitavirtual\/no-fundo-portugal-e-mar\/tour.html\"><mark style=\"background-color:rgba(0, 0, 0, 0)\" class=\"has-inline-color has-very-light-gray-color\">Click to access virtual tour<\/mark><\/a><\/div>\n<\/div>\n\n\n\n<p><\/p>\n","protected":false},"excerpt":{"rendered":"","protected":false},"author":26,"featured_media":26220,"parent":0,"menu_order":0,"comment_status":"closed","ping_status":"closed","template":"template-institucional.php","meta":{"_relevanssi_hide_post":"","_relevanssi_pin_for_all":"","_relevanssi_pin_keywords":"","_relevanssi_unpin_keywords":"","_relevanssi_related_keywords":"","_relevanssi_related_include_ids":"","_relevanssi_related_exclude_ids":"","_relevanssi_related_no_append":"","_relevanssi_related_not_related":"","_relevanssi_related_posts":"","_relevanssi_noindex_reason":"","footnotes":""},"categories":[],"acf":[],"yoast_head":"<!-- This site is optimized with the Yoast SEO plugin v22.3 - https:\/\/yoast.com\/wordpress\/plugins\/seo\/ -->\n<title>Deep down Portugal is the Sea - The virtual tour - Centro Cultural de Bel\u00e9m Foundation<\/title>\n<meta name=\"robots\" content=\"index, follow, max-snippet:-1, max-image-preview:large, max-video-preview:-1\" \/>\n<link rel=\"canonical\" href=\"https:\/\/www.ccb.pt\/en\/no-fundo-portugal-e-mar-visita-virtual\/\" \/>\n<meta property=\"og:locale\" content=\"en_US\" \/>\n<meta property=\"og:type\" content=\"article\" \/>\n<meta property=\"og:title\" content=\"Deep down Portugal is the Sea - The virtual tour - Centro Cultural de Bel\u00e9m Foundation\" \/>\n<meta property=\"og:url\" content=\"https:\/\/www.ccb.pt\/en\/no-fundo-portugal-e-mar-visita-virtual\/\" \/>\n<meta property=\"og:site_name\" content=\"Centro Cultural de Bel\u00e9m Foundation\" \/>\n<meta property=\"article:modified_time\" content=\"2022-06-07T11:25:23+00:00\" \/>\n<meta property=\"og:image\" content=\"https:\/\/www.ccb.pt\/wp-content\/uploads\/2020\/11\/NoFundoPortugalEMar_VisistaVirtual_Sala02.jpg\" \/>\n\t<meta property=\"og:image:width\" content=\"1366\" \/>\n\t<meta property=\"og:image:height\" content=\"768\" \/>\n\t<meta property=\"og:image:type\" content=\"image\/jpeg\" \/>\n<meta name=\"twitter:card\" content=\"summary_large_image\" \/>\n<meta name=\"twitter:site\" content=\"@macccb_museu\" \/>\n<meta name=\"twitter:label1\" content=\"Est. reading time\" \/>\n\t<meta name=\"twitter:data1\" content=\"1 minute\" \/>\n<script type=\"application\/ld+json\" class=\"yoast-schema-graph\">{\"@context\":\"https:\/\/schema.org\",\"@graph\":[{\"@type\":\"WebPage\",\"@id\":\"https:\/\/www.ccb.pt\/en\/no-fundo-portugal-e-mar-visita-virtual\/\",\"url\":\"https:\/\/www.ccb.pt\/en\/no-fundo-portugal-e-mar-visita-virtual\/\",\"name\":\"Deep down Portugal is the Sea - The virtual tour - Centro Cultural de Bel\u00e9m Foundation\",\"isPartOf\":{\"@id\":\"https:\/\/www.ccb.pt\/#website\"},\"primaryImageOfPage\":{\"@id\":\"https:\/\/www.ccb.pt\/en\/no-fundo-portugal-e-mar-visita-virtual\/#primaryimage\"},\"image\":{\"@id\":\"https:\/\/www.ccb.pt\/en\/no-fundo-portugal-e-mar-visita-virtual\/#primaryimage\"},\"thumbnailUrl\":\"https:\/\/www.ccb.pt\/wp-content\/uploads\/2020\/11\/NoFundoPortugalEMar_VisistaVirtual_Sala02.jpg\",\"datePublished\":\"2020-11-17T16:32:15+00:00\",\"dateModified\":\"2022-06-07T11:25:23+00:00\",\"breadcrumb\":{\"@id\":\"https:\/\/www.ccb.pt\/en\/no-fundo-portugal-e-mar-visita-virtual\/#breadcrumb\"},\"inLanguage\":\"en-US\",\"potentialAction\":[{\"@type\":\"ReadAction\",\"target\":[\"https:\/\/www.ccb.pt\/en\/no-fundo-portugal-e-mar-visita-virtual\/\"]}]},{\"@type\":\"ImageObject\",\"inLanguage\":\"en-US\",\"@id\":\"https:\/\/www.ccb.pt\/en\/no-fundo-portugal-e-mar-visita-virtual\/#primaryimage\",\"url\":\"https:\/\/www.ccb.pt\/wp-content\/uploads\/2020\/11\/NoFundoPortugalEMar_VisistaVirtual_Sala02.jpg\",\"contentUrl\":\"https:\/\/www.ccb.pt\/wp-content\/uploads\/2020\/11\/NoFundoPortugalEMar_VisistaVirtual_Sala02.jpg\",\"width\":1366,\"height\":768,\"caption\":\"Visita virtual \u00e0 instala\u00e7\u00e3o No Fundo Portugal \u00e9 Mar\"},{\"@type\":\"BreadcrumbList\",\"@id\":\"https:\/\/www.ccb.pt\/en\/no-fundo-portugal-e-mar-visita-virtual\/#breadcrumb\",\"itemListElement\":[{\"@type\":\"ListItem\",\"position\":1,\"name\":\"Home\",\"item\":\"https:\/\/www.ccb.pt\/en\/\"},{\"@type\":\"ListItem\",\"position\":2,\"name\":\"Deep down Portugal is the Sea &#8211; The virtual tour\"}]},{\"@type\":\"WebSite\",\"@id\":\"https:\/\/www.ccb.pt\/#website\",\"url\":\"https:\/\/www.ccb.pt\/\",\"name\":\"Centro Cultural de Bel\u00e9m Foundation\",\"description\":\"\",\"publisher\":{\"@id\":\"https:\/\/www.ccb.pt\/#organization\"},\"potentialAction\":[{\"@type\":\"SearchAction\",\"target\":{\"@type\":\"EntryPoint\",\"urlTemplate\":\"https:\/\/www.ccb.pt\/?s={search_term_string}\"},\"query-input\":\"required name=search_term_string\"}],\"inLanguage\":\"en-US\"},{\"@type\":\"Organization\",\"@id\":\"https:\/\/www.ccb.pt\/#organization\",\"name\":\"Centro Cultural de Bel\u00e9m Foundation\",\"url\":\"https:\/\/www.ccb.pt\/\",\"logo\":{\"@type\":\"ImageObject\",\"inLanguage\":\"en-US\",\"@id\":\"https:\/\/www.ccb.pt\/#\/schema\/logo\/image\/\",\"url\":\"https:\/\/www.ccb.pt\/wp-content\/uploads\/2022\/05\/1_ccb.png\",\"contentUrl\":\"https:\/\/www.ccb.pt\/wp-content\/uploads\/2022\/05\/1_ccb.png\",\"width\":126,\"height\":100,\"caption\":\"Centro Cultural de Bel\u00e9m Foundation\"},\"image\":{\"@id\":\"https:\/\/www.ccb.pt\/#\/schema\/logo\/image\/\"},\"sameAs\":[\"https:\/\/twitter.com\/macccb_museu\"]}]}<\/script>\n<!-- \/ Yoast SEO plugin. -->","yoast_head_json":{"title":"Deep down Portugal is the Sea - The virtual tour - Centro Cultural de Bel\u00e9m Foundation","robots":{"index":"index","follow":"follow","max-snippet":"max-snippet:-1","max-image-preview":"max-image-preview:large","max-video-preview":"max-video-preview:-1"},"canonical":"https:\/\/www.ccb.pt\/en\/no-fundo-portugal-e-mar-visita-virtual\/","og_locale":"en_US","og_type":"article","og_title":"Deep down Portugal is the Sea - The virtual tour - Centro Cultural de Bel\u00e9m Foundation","og_url":"https:\/\/www.ccb.pt\/en\/no-fundo-portugal-e-mar-visita-virtual\/","og_site_name":"Centro Cultural de Bel\u00e9m Foundation","article_modified_time":"2022-06-07T11:25:23+00:00","og_image":[{"width":1366,"height":768,"url":"https:\/\/www.ccb.pt\/wp-content\/uploads\/2020\/11\/NoFundoPortugalEMar_VisistaVirtual_Sala02.jpg","type":"image\/jpeg"}],"twitter_card":"summary_large_image","twitter_site":"@macccb_museu","twitter_misc":{"Est. reading time":"1 minute"},"schema":{"@context":"https:\/\/schema.org","@graph":[{"@type":"WebPage","@id":"https:\/\/www.ccb.pt\/en\/no-fundo-portugal-e-mar-visita-virtual\/","url":"https:\/\/www.ccb.pt\/en\/no-fundo-portugal-e-mar-visita-virtual\/","name":"Deep down Portugal is the Sea - The virtual tour - Centro Cultural de Bel\u00e9m Foundation","isPartOf":{"@id":"https:\/\/www.ccb.pt\/#website"},"primaryImageOfPage":{"@id":"https:\/\/www.ccb.pt\/en\/no-fundo-portugal-e-mar-visita-virtual\/#primaryimage"},"image":{"@id":"https:\/\/www.ccb.pt\/en\/no-fundo-portugal-e-mar-visita-virtual\/#primaryimage"},"thumbnailUrl":"https:\/\/www.ccb.pt\/wp-content\/uploads\/2020\/11\/NoFundoPortugalEMar_VisistaVirtual_Sala02.jpg","datePublished":"2020-11-17T16:32:15+00:00","dateModified":"2022-06-07T11:25:23+00:00","breadcrumb":{"@id":"https:\/\/www.ccb.pt\/en\/no-fundo-portugal-e-mar-visita-virtual\/#breadcrumb"},"inLanguage":"en-US","potentialAction":[{"@type":"ReadAction","target":["https:\/\/www.ccb.pt\/en\/no-fundo-portugal-e-mar-visita-virtual\/"]}]},{"@type":"ImageObject","inLanguage":"en-US","@id":"https:\/\/www.ccb.pt\/en\/no-fundo-portugal-e-mar-visita-virtual\/#primaryimage","url":"https:\/\/www.ccb.pt\/wp-content\/uploads\/2020\/11\/NoFundoPortugalEMar_VisistaVirtual_Sala02.jpg","contentUrl":"https:\/\/www.ccb.pt\/wp-content\/uploads\/2020\/11\/NoFundoPortugalEMar_VisistaVirtual_Sala02.jpg","width":1366,"height":768,"caption":"Visita virtual \u00e0 instala\u00e7\u00e3o No Fundo Portugal \u00e9 Mar"},{"@type":"BreadcrumbList","@id":"https:\/\/www.ccb.pt\/en\/no-fundo-portugal-e-mar-visita-virtual\/#breadcrumb","itemListElement":[{"@type":"ListItem","position":1,"name":"Home","item":"https:\/\/www.ccb.pt\/en\/"},{"@type":"ListItem","position":2,"name":"Deep down Portugal is the Sea &#8211; The virtual tour"}]},{"@type":"WebSite","@id":"https:\/\/www.ccb.pt\/#website","url":"https:\/\/www.ccb.pt\/","name":"Centro Cultural de Bel\u00e9m Foundation","description":"","publisher":{"@id":"https:\/\/www.ccb.pt\/#organization"},"potentialAction":[{"@type":"SearchAction","target":{"@type":"EntryPoint","urlTemplate":"https:\/\/www.ccb.pt\/?s={search_term_string}"},"query-input":"required name=search_term_string"}],"inLanguage":"en-US"},{"@type":"Organization","@id":"https:\/\/www.ccb.pt\/#organization","name":"Centro Cultural de Bel\u00e9m Foundation","url":"https:\/\/www.ccb.pt\/","logo":{"@type":"ImageObject","inLanguage":"en-US","@id":"https:\/\/www.ccb.pt\/#\/schema\/logo\/image\/","url":"https:\/\/www.ccb.pt\/wp-content\/uploads\/2022\/05\/1_ccb.png","contentUrl":"https:\/\/www.ccb.pt\/wp-content\/uploads\/2022\/05\/1_ccb.png","width":126,"height":100,"caption":"Centro Cultural de Bel\u00e9m Foundation"},"image":{"@id":"https:\/\/www.ccb.pt\/#\/schema\/logo\/image\/"},"sameAs":["https:\/\/twitter.com\/macccb_museu"]}]}},"_links":{"self":[{"href":"https:\/\/www.ccb.pt\/en\/wp-json\/wp\/v2\/pages\/27737"}],"collection":[{"href":"https:\/\/www.ccb.pt\/en\/wp-json\/wp\/v2\/pages"}],"about":[{"href":"https:\/\/www.ccb.pt\/en\/wp-json\/wp\/v2\/types\/page"}],"author":[{"embeddable":true,"href":"https:\/\/www.ccb.pt\/en\/wp-json\/wp\/v2\/users\/26"}],"replies":[{"embeddable":true,"href":"https:\/\/www.ccb.pt\/en\/wp-json\/wp\/v2\/comments?post=27737"}],"version-history":[{"count":3,"href":"https:\/\/www.ccb.pt\/en\/wp-json\/wp\/v2\/pages\/27737\/revisions"}],"predecessor-version":[{"id":93986,"href":"https:\/\/www.ccb.pt\/en\/wp-json\/wp\/v2\/pages\/27737\/revisions\/93986"}],"wp:featuredmedia":[{"embeddable":true,"href":"https:\/\/www.ccb.pt\/en\/wp-json\/wp\/v2\/media\/26220"}],"wp:attachment":[{"href":"https:\/\/www.ccb.pt\/en\/wp-json\/wp\/v2\/media?parent=27737"}],"wp:term":[{"taxonomy":"category","embeddable":true,"href":"https:\/\/www.ccb.pt\/en\/wp-json\/wp\/v2\/categories?post=27737"}],"curies":[{"name":"wp","href":"https:\/\/api.w.org\/{rel}","templated":true}]}}