    {"id":270901,"date":"2024-02-01T13:29:08","date_gmt":"2024-02-01T13:29:08","guid":{"rendered":"https:\/\/www.ccb.pt\/acessibilidade\/"},"modified":"2026-02-16T14:48:14","modified_gmt":"2026-02-16T14:48:14","slug":"accessibility","status":"publish","type":"page","link":"https:\/\/www.ccb.pt\/en\/accessibility\/","title":{"rendered":"Accessibility"},"content":{"rendered":"\r\n<p>We are working to make the CCB an increasingly accessible space.<br \/>On this page you will find information about the accessibility of our facilities.<\/p>\r\n<p>&nbsp;<\/p>\r\n\r\n\r\n\r\n<p>If you have any further questions, please do not hesitate to contact us at<span style=\"color: #0000ff;\"> <a style=\"color: #0000ff;\" href=\"mailto:acessibilidade@ccb.pt\" target=\"_blank\" rel=\"noopener\">acessibilidade@ccb.pt<\/a> <\/span>or by calling our Support Line: +<strong>351 213 612\u00a0435<\/strong> (call to the national landline network).<\/p>\r\n\r\n\r\n\r\n<p class=\"has-medium-font-size\">\u00a0<\/p>\r\n","protected":false},"excerpt":{"rendered":"<p>We are working to make the CCB an increasingly accessible space.On this page you will find information about the accessibility of our facilities. &nbsp; If you have any further questions, please do not hesitate to contact us at acessibilidade@ccb.pt or by calling our Support Line: +351 213 612\u00a0435 (call to the national landline network). \u00a0<\/p>\n","protected":false},"author":6,"featured_media":0,"parent":0,"menu_order":0,"comment_status":"closed","ping_status":"closed","template":"template-faqs.php","meta":{"_relevanssi_hide_post":"","_relevanssi_pin_for_all":"","_relevanssi_pin_keywords":"","_relevanssi_unpin_keywords":"","_relevanssi_related_keywords":"","_relevanssi_related_include_ids":"","_relevanssi_related_exclude_ids":"","_relevanssi_related_no_append":"","_relevanssi_related_not_related":"","_relevanssi_related_posts":"","_relevanssi_noindex_reason":"","footnotes":""},"categories":[],"acf":[],"yoast_head":"<!-- This site is optimized with the Yoast SEO plugin v22.3 - https:\/\/yoast.com\/wordpress\/plugins\/seo\/ -->\n<title>Accessibility - Centro Cultural de Bel\u00e9m Foundation<\/title>\n<meta name=\"description\" content=\"Estamos a trabalhar para tornar o CCB num espa\u00e7o cada vez mais acess\u00edvel.\" \/>\n<meta name=\"robots\" content=\"index, follow, max-snippet:-1, max-image-preview:large, max-video-preview:-1\" \/>\n<link rel=\"canonical\" href=\"https:\/\/www.ccb.pt\/en\/accessibility\/\" \/>\n<meta property=\"og:locale\" content=\"en_US\" \/>\n<meta property=\"og:type\" content=\"article\" \/>\n<meta property=\"og:title\" content=\"Acessibilidade | Centro Cultural de Bel\u00e9m\" \/>\n<meta property=\"og:description\" content=\"Estamos a trabalhar para tornar o CCB num espa\u00e7o cada vez mais acess\u00edvel.\" \/>\n<meta property=\"og:url\" content=\"https:\/\/www.ccb.pt\/en\/accessibility\/\" \/>\n<meta property=\"og:site_name\" content=\"Centro Cultural de Bel\u00e9m Foundation\" \/>\n<meta property=\"article:modified_time\" content=\"2026-02-16T14:48:14+00:00\" \/>\n<meta property=\"og:image\" content=\"https:\/\/www.ccb.pt\/wp-content\/uploads\/2024\/03\/ccb.jpg\" \/>\n\t<meta property=\"og:image:width\" content=\"1400\" \/>\n\t<meta property=\"og:image:height\" content=\"787\" \/>\n\t<meta property=\"og:image:type\" content=\"image\/jpeg\" \/>\n<meta name=\"twitter:card\" content=\"summary_large_image\" \/>\n<meta name=\"twitter:description\" content=\"Estamos a trabalhar para tornar o CCB num espa\u00e7o cada vez mais acess\u00edvel.\" \/>\n<meta name=\"twitter:site\" content=\"@macccb_museu\" \/>\n<meta name=\"twitter:label1\" content=\"Est. reading time\" \/>\n\t<meta name=\"twitter:data1\" content=\"1 minute\" \/>\n<script type=\"application\/ld+json\" class=\"yoast-schema-graph\">{\"@context\":\"https:\/\/schema.org\",\"@graph\":[{\"@type\":\"WebPage\",\"@id\":\"https:\/\/www.ccb.pt\/en\/accessibility\/\",\"url\":\"https:\/\/www.ccb.pt\/en\/accessibility\/\",\"name\":\"Accessibility - Centro Cultural de Bel\u00e9m Foundation\",\"isPartOf\":{\"@id\":\"https:\/\/www.ccb.pt\/#website\"},\"datePublished\":\"2024-02-01T13:29:08+00:00\",\"dateModified\":\"2026-02-16T14:48:14+00:00\",\"description\":\"Estamos a trabalhar para tornar o CCB num espa\u00e7o cada vez mais acess\u00edvel.\",\"breadcrumb\":{\"@id\":\"https:\/\/www.ccb.pt\/en\/accessibility\/#breadcrumb\"},\"inLanguage\":\"en-US\",\"potentialAction\":[{\"@type\":\"ReadAction\",\"target\":[\"https:\/\/www.ccb.pt\/en\/accessibility\/\"]}]},{\"@type\":\"BreadcrumbList\",\"@id\":\"https:\/\/www.ccb.pt\/en\/accessibility\/#breadcrumb\",\"itemListElement\":[{\"@type\":\"ListItem\",\"position\":1,\"name\":\"Home\",\"item\":\"https:\/\/www.ccb.pt\/en\/\"},{\"@type\":\"ListItem\",\"position\":2,\"name\":\"Accessibility\"}]},{\"@type\":\"WebSite\",\"@id\":\"https:\/\/www.ccb.pt\/#website\",\"url\":\"https:\/\/www.ccb.pt\/\",\"name\":\"Centro Cultural de Bel\u00e9m Foundation\",\"description\":\"\",\"publisher\":{\"@id\":\"https:\/\/www.ccb.pt\/#organization\"},\"potentialAction\":[{\"@type\":\"SearchAction\",\"target\":{\"@type\":\"EntryPoint\",\"urlTemplate\":\"https:\/\/www.ccb.pt\/?s={search_term_string}\"},\"query-input\":\"required name=search_term_string\"}],\"inLanguage\":\"en-US\"},{\"@type\":\"Organization\",\"@id\":\"https:\/\/www.ccb.pt\/#organization\",\"name\":\"Centro Cultural de Bel\u00e9m Foundation\",\"url\":\"https:\/\/www.ccb.pt\/\",\"logo\":{\"@type\":\"ImageObject\",\"inLanguage\":\"en-US\",\"@id\":\"https:\/\/www.ccb.pt\/#\/schema\/logo\/image\/\",\"url\":\"https:\/\/www.ccb.pt\/wp-content\/uploads\/2022\/05\/1_ccb.png\",\"contentUrl\":\"https:\/\/www.ccb.pt\/wp-content\/uploads\/2022\/05\/1_ccb.png\",\"width\":126,\"height\":100,\"caption\":\"Centro Cultural de Bel\u00e9m Foundation\"},\"image\":{\"@id\":\"https:\/\/www.ccb.pt\/#\/schema\/logo\/image\/\"},\"sameAs\":[\"https:\/\/twitter.com\/macccb_museu\"]}]}<\/script>\n<!-- \/ Yoast SEO plugin. -->","yoast_head_json":{"title":"Accessibility - Centro Cultural de Bel\u00e9m Foundation","description":"Estamos a trabalhar para tornar o CCB num espa\u00e7o cada vez mais acess\u00edvel.","robots":{"index":"index","follow":"follow","max-snippet":"max-snippet:-1","max-image-preview":"max-image-preview:large","max-video-preview":"max-video-preview:-1"},"canonical":"https:\/\/www.ccb.pt\/en\/accessibility\/","og_locale":"en_US","og_type":"article","og_title":"Acessibilidade | Centro Cultural de Bel\u00e9m","og_description":"Estamos a trabalhar para tornar o CCB num espa\u00e7o cada vez mais acess\u00edvel.","og_url":"https:\/\/www.ccb.pt\/en\/accessibility\/","og_site_name":"Centro Cultural de Bel\u00e9m Foundation","article_modified_time":"2026-02-16T14:48:14+00:00","og_image":[{"width":1400,"height":787,"url":"https:\/\/www.ccb.pt\/wp-content\/uploads\/2024\/03\/ccb.jpg","type":"image\/jpeg"}],"twitter_card":"summary_large_image","twitter_description":"Estamos a trabalhar para tornar o CCB num espa\u00e7o cada vez mais acess\u00edvel.","twitter_site":"@macccb_museu","twitter_misc":{"Est. reading time":"1 minute"},"schema":{"@context":"https:\/\/schema.org","@graph":[{"@type":"WebPage","@id":"https:\/\/www.ccb.pt\/en\/accessibility\/","url":"https:\/\/www.ccb.pt\/en\/accessibility\/","name":"Accessibility - Centro Cultural de Bel\u00e9m Foundation","isPartOf":{"@id":"https:\/\/www.ccb.pt\/#website"},"datePublished":"2024-02-01T13:29:08+00:00","dateModified":"2026-02-16T14:48:14+00:00","description":"Estamos a trabalhar para tornar o CCB num espa\u00e7o cada vez mais acess\u00edvel.","breadcrumb":{"@id":"https:\/\/www.ccb.pt\/en\/accessibility\/#breadcrumb"},"inLanguage":"en-US","potentialAction":[{"@type":"ReadAction","target":["https:\/\/www.ccb.pt\/en\/accessibility\/"]}]},{"@type":"BreadcrumbList","@id":"https:\/\/www.ccb.pt\/en\/accessibility\/#breadcrumb","itemListElement":[{"@type":"ListItem","position":1,"name":"Home","item":"https:\/\/www.ccb.pt\/en\/"},{"@type":"ListItem","position":2,"name":"Accessibility"}]},{"@type":"WebSite","@id":"https:\/\/www.ccb.pt\/#website","url":"https:\/\/www.ccb.pt\/","name":"Centro Cultural de Bel\u00e9m Foundation","description":"","publisher":{"@id":"https:\/\/www.ccb.pt\/#organization"},"potentialAction":[{"@type":"SearchAction","target":{"@type":"EntryPoint","urlTemplate":"https:\/\/www.ccb.pt\/?s={search_term_string}"},"query-input":"required name=search_term_string"}],"inLanguage":"en-US"},{"@type":"Organization","@id":"https:\/\/www.ccb.pt\/#organization","name":"Centro Cultural de Bel\u00e9m Foundation","url":"https:\/\/www.ccb.pt\/","logo":{"@type":"ImageObject","inLanguage":"en-US","@id":"https:\/\/www.ccb.pt\/#\/schema\/logo\/image\/","url":"https:\/\/www.ccb.pt\/wp-content\/uploads\/2022\/05\/1_ccb.png","contentUrl":"https:\/\/www.ccb.pt\/wp-content\/uploads\/2022\/05\/1_ccb.png","width":126,"height":100,"caption":"Centro Cultural de Bel\u00e9m Foundation"},"image":{"@id":"https:\/\/www.ccb.pt\/#\/schema\/logo\/image\/"},"sameAs":["https:\/\/twitter.com\/macccb_museu"]}]}},"_links":{"self":[{"href":"https:\/\/www.ccb.pt\/en\/wp-json\/wp\/v2\/pages\/270901"}],"collection":[{"href":"https:\/\/www.ccb.pt\/en\/wp-json\/wp\/v2\/pages"}],"about":[{"href":"https:\/\/www.ccb.pt\/en\/wp-json\/wp\/v2\/types\/page"}],"author":[{"embeddable":true,"href":"https:\/\/www.ccb.pt\/en\/wp-json\/wp\/v2\/users\/6"}],"replies":[{"embeddable":true,"href":"https:\/\/www.ccb.pt\/en\/wp-json\/wp\/v2\/comments?post=270901"}],"version-history":[{"count":16,"href":"https:\/\/www.ccb.pt\/en\/wp-json\/wp\/v2\/pages\/270901\/revisions"}],"predecessor-version":[{"id":271295,"href":"https:\/\/www.ccb.pt\/en\/wp-json\/wp\/v2\/pages\/270901\/revisions\/271295"}],"wp:attachment":[{"href":"https:\/\/www.ccb.pt\/en\/wp-json\/wp\/v2\/media?parent=270901"}],"wp:term":[{"taxonomy":"category","embeddable":true,"href":"https:\/\/www.ccb.pt\/en\/wp-json\/wp\/v2\/categories?post=270901"}],"curies":[{"name":"wp","href":"https:\/\/api.w.org\/{rel}","templated":true}]}}