    {"id":256210,"date":"2025-01-31T10:52:26","date_gmt":"2025-01-31T10:52:26","guid":{"rendered":"https:\/\/www.ccb.pt\/theatre-green-book\/"},"modified":"2025-10-15T09:35:06","modified_gmt":"2025-10-15T08:35:06","slug":"theatre-green-book","status":"publish","type":"page","link":"https:\/\/www.ccb.pt\/en\/theatre-green-book\/","title":{"rendered":"The CCB wants to achieve carbon neutrality"},"content":{"rendered":"\n<p><strong>Theatre Green Book <\/strong><\/p>\n\n\n\n<p><br>The Centro Cultural de Bel\u00e9m (CCB) has taken another step towards a more sustainable future by joining the <a href=\"https:\/\/theatregreenbook.com\/\">ETC Theatre Green Book (TGB) project<\/a>, an innovative initiative aimed at promoting more responsible practices in the daily operation of European theatres. This commitment reflects not only the CCB\u2019s environmental responsibility but also its determination to take part in the transformation of the cultural community.<\/p>\n","protected":false},"excerpt":{"rendered":"<p>Theatre Green Book The Centro Cultural de Bel\u00e9m (CCB) has taken another step towards a more sustainable future by joining the ETC Theatre Green Book (TGB) project, an innovative initiative aimed at promoting more responsible practices in the daily operation of European theatres. This commitment reflects not only the CCB\u2019s environmental responsibility but also its [&hellip;]<\/p>\n","protected":false},"author":6,"featured_media":214122,"parent":0,"menu_order":0,"comment_status":"closed","ping_status":"closed","template":"template-institucional.php","meta":{"_relevanssi_hide_post":"","_relevanssi_pin_for_all":"","_relevanssi_pin_keywords":"","_relevanssi_unpin_keywords":"","_relevanssi_related_keywords":"","_relevanssi_related_include_ids":"","_relevanssi_related_exclude_ids":"","_relevanssi_related_no_append":"","_relevanssi_related_not_related":"","_relevanssi_related_posts":"24838,6591","_relevanssi_noindex_reason":"","footnotes":""},"categories":[],"acf":[],"yoast_head":"<!-- This site is optimized with the Yoast SEO plugin v22.3 - https:\/\/yoast.com\/wordpress\/plugins\/seo\/ -->\n<title>The CCB wants to achieve carbon neutrality - Centro Cultural de Bel\u00e9m Foundation<\/title>\n<meta name=\"description\" content=\"A ades\u00e3o ao projeto\u00a0Theatre Green Book (TGB), uma iniciativa inovadora que tem como objetivo promover pr\u00e1ticas mais respons\u00e1veis na atividade di\u00e1ria dos teatros europeus, \u00e9 mais um passo em dire\u00e7\u00e3o a um futuro mais sustent\u00e1vel.\" \/>\n<meta name=\"robots\" content=\"index, follow, max-snippet:-1, max-image-preview:large, max-video-preview:-1\" \/>\n<link rel=\"canonical\" href=\"https:\/\/www.ccb.pt\/en\/theatre-green-book\/\" \/>\n<meta property=\"og:locale\" content=\"en_US\" \/>\n<meta property=\"og:type\" content=\"article\" \/>\n<meta property=\"og:title\" content=\"O CCB quer alcan\u00e7ar a neutralidade de carbono at\u00e9 2030\" \/>\n<meta property=\"og:description\" content=\"A ades\u00e3o ao projeto\u00a0Theatre Green Book (TGB), uma iniciativa inovadora que tem como objetivo promover pr\u00e1ticas mais respons\u00e1veis na atividade di\u00e1ria dos teatros europeus, \u00e9 mais um passo em dire\u00e7\u00e3o a um futuro mais sustent\u00e1vel.\" \/>\n<meta property=\"og:url\" content=\"https:\/\/www.ccb.pt\/en\/theatre-green-book\/\" \/>\n<meta property=\"og:site_name\" content=\"Centro Cultural de Bel\u00e9m Foundation\" \/>\n<meta property=\"article:modified_time\" content=\"2025-10-15T08:35:06+00:00\" \/>\n<meta property=\"og:image\" content=\"https:\/\/www.ccb.pt\/wp-content\/uploads\/2025\/01\/Pequeno-auditorioCCB-Risco-1-e1738337583614.jpg\" \/>\n\t<meta property=\"og:image:width\" content=\"1945\" \/>\n\t<meta property=\"og:image:height\" content=\"823\" \/>\n\t<meta property=\"og:image:type\" content=\"image\/jpeg\" \/>\n<meta name=\"twitter:card\" content=\"summary_large_image\" \/>\n<meta name=\"twitter:site\" content=\"@macccb_museu\" \/>\n<meta name=\"twitter:label1\" content=\"Est. reading time\" \/>\n\t<meta name=\"twitter:data1\" content=\"1 minute\" \/>\n<script type=\"application\/ld+json\" class=\"yoast-schema-graph\">{\"@context\":\"https:\/\/schema.org\",\"@graph\":[{\"@type\":\"WebPage\",\"@id\":\"https:\/\/www.ccb.pt\/en\/theatre-green-book\/\",\"url\":\"https:\/\/www.ccb.pt\/en\/theatre-green-book\/\",\"name\":\"The CCB wants to achieve carbon neutrality - Centro Cultural de Bel\u00e9m Foundation\",\"isPartOf\":{\"@id\":\"https:\/\/www.ccb.pt\/#website\"},\"primaryImageOfPage\":{\"@id\":\"https:\/\/www.ccb.pt\/en\/theatre-green-book\/#primaryimage\"},\"image\":{\"@id\":\"https:\/\/www.ccb.pt\/en\/theatre-green-book\/#primaryimage\"},\"thumbnailUrl\":\"https:\/\/www.ccb.pt\/wp-content\/uploads\/2025\/01\/Pequeno-auditorioCCB-Risco-e1738332257424.jpg\",\"datePublished\":\"2025-01-31T10:52:26+00:00\",\"dateModified\":\"2025-10-15T08:35:06+00:00\",\"description\":\"A ades\u00e3o ao projeto\u00a0Theatre Green Book (TGB), uma iniciativa inovadora que tem como objetivo promover pr\u00e1ticas mais respons\u00e1veis na atividade di\u00e1ria dos teatros europeus, \u00e9 mais um passo em dire\u00e7\u00e3o a um futuro mais sustent\u00e1vel.\",\"breadcrumb\":{\"@id\":\"https:\/\/www.ccb.pt\/en\/theatre-green-book\/#breadcrumb\"},\"inLanguage\":\"en-US\",\"potentialAction\":[{\"@type\":\"ReadAction\",\"target\":[\"https:\/\/www.ccb.pt\/en\/theatre-green-book\/\"]}]},{\"@type\":\"ImageObject\",\"inLanguage\":\"en-US\",\"@id\":\"https:\/\/www.ccb.pt\/en\/theatre-green-book\/#primaryimage\",\"url\":\"https:\/\/www.ccb.pt\/wp-content\/uploads\/2025\/01\/Pequeno-auditorioCCB-Risco-e1738332257424.jpg\",\"contentUrl\":\"https:\/\/www.ccb.pt\/wp-content\/uploads\/2025\/01\/Pequeno-auditorioCCB-Risco-e1738332257424.jpg\",\"width\":1945,\"height\":1297,\"caption\":\"Pequeno Audit\u00f3rio - CCB\"},{\"@type\":\"BreadcrumbList\",\"@id\":\"https:\/\/www.ccb.pt\/en\/theatre-green-book\/#breadcrumb\",\"itemListElement\":[{\"@type\":\"ListItem\",\"position\":1,\"name\":\"Home\",\"item\":\"https:\/\/www.ccb.pt\/en\/\"},{\"@type\":\"ListItem\",\"position\":2,\"name\":\"The CCB wants to achieve carbon neutrality\"}]},{\"@type\":\"WebSite\",\"@id\":\"https:\/\/www.ccb.pt\/#website\",\"url\":\"https:\/\/www.ccb.pt\/\",\"name\":\"Centro Cultural de Bel\u00e9m Foundation\",\"description\":\"\",\"publisher\":{\"@id\":\"https:\/\/www.ccb.pt\/#organization\"},\"potentialAction\":[{\"@type\":\"SearchAction\",\"target\":{\"@type\":\"EntryPoint\",\"urlTemplate\":\"https:\/\/www.ccb.pt\/?s={search_term_string}\"},\"query-input\":\"required name=search_term_string\"}],\"inLanguage\":\"en-US\"},{\"@type\":\"Organization\",\"@id\":\"https:\/\/www.ccb.pt\/#organization\",\"name\":\"Centro Cultural de Bel\u00e9m Foundation\",\"url\":\"https:\/\/www.ccb.pt\/\",\"logo\":{\"@type\":\"ImageObject\",\"inLanguage\":\"en-US\",\"@id\":\"https:\/\/www.ccb.pt\/#\/schema\/logo\/image\/\",\"url\":\"https:\/\/www.ccb.pt\/wp-content\/uploads\/2022\/05\/1_ccb.png\",\"contentUrl\":\"https:\/\/www.ccb.pt\/wp-content\/uploads\/2022\/05\/1_ccb.png\",\"width\":126,\"height\":100,\"caption\":\"Centro Cultural de Bel\u00e9m Foundation\"},\"image\":{\"@id\":\"https:\/\/www.ccb.pt\/#\/schema\/logo\/image\/\"},\"sameAs\":[\"https:\/\/twitter.com\/macccb_museu\"]}]}<\/script>\n<!-- \/ Yoast SEO plugin. -->","yoast_head_json":{"title":"The CCB wants to achieve carbon neutrality - Centro Cultural de Bel\u00e9m Foundation","description":"A ades\u00e3o ao projeto\u00a0Theatre Green Book (TGB), uma iniciativa inovadora que tem como objetivo promover pr\u00e1ticas mais respons\u00e1veis na atividade di\u00e1ria dos teatros europeus, \u00e9 mais um passo em dire\u00e7\u00e3o a um futuro mais sustent\u00e1vel.","robots":{"index":"index","follow":"follow","max-snippet":"max-snippet:-1","max-image-preview":"max-image-preview:large","max-video-preview":"max-video-preview:-1"},"canonical":"https:\/\/www.ccb.pt\/en\/theatre-green-book\/","og_locale":"en_US","og_type":"article","og_title":"O CCB quer alcan\u00e7ar a neutralidade de carbono at\u00e9 2030","og_description":"A ades\u00e3o ao projeto\u00a0Theatre Green Book (TGB), uma iniciativa inovadora que tem como objetivo promover pr\u00e1ticas mais respons\u00e1veis na atividade di\u00e1ria dos teatros europeus, \u00e9 mais um passo em dire\u00e7\u00e3o a um futuro mais sustent\u00e1vel.","og_url":"https:\/\/www.ccb.pt\/en\/theatre-green-book\/","og_site_name":"Centro Cultural de Bel\u00e9m Foundation","article_modified_time":"2025-10-15T08:35:06+00:00","og_image":[{"width":1945,"height":823,"url":"https:\/\/www.ccb.pt\/wp-content\/uploads\/2025\/01\/Pequeno-auditorioCCB-Risco-1-e1738337583614.jpg","type":"image\/jpeg"}],"twitter_card":"summary_large_image","twitter_site":"@macccb_museu","twitter_misc":{"Est. reading time":"1 minute"},"schema":{"@context":"https:\/\/schema.org","@graph":[{"@type":"WebPage","@id":"https:\/\/www.ccb.pt\/en\/theatre-green-book\/","url":"https:\/\/www.ccb.pt\/en\/theatre-green-book\/","name":"The CCB wants to achieve carbon neutrality - Centro Cultural de Bel\u00e9m Foundation","isPartOf":{"@id":"https:\/\/www.ccb.pt\/#website"},"primaryImageOfPage":{"@id":"https:\/\/www.ccb.pt\/en\/theatre-green-book\/#primaryimage"},"image":{"@id":"https:\/\/www.ccb.pt\/en\/theatre-green-book\/#primaryimage"},"thumbnailUrl":"https:\/\/www.ccb.pt\/wp-content\/uploads\/2025\/01\/Pequeno-auditorioCCB-Risco-e1738332257424.jpg","datePublished":"2025-01-31T10:52:26+00:00","dateModified":"2025-10-15T08:35:06+00:00","description":"A ades\u00e3o ao projeto\u00a0Theatre Green Book (TGB), uma iniciativa inovadora que tem como objetivo promover pr\u00e1ticas mais respons\u00e1veis na atividade di\u00e1ria dos teatros europeus, \u00e9 mais um passo em dire\u00e7\u00e3o a um futuro mais sustent\u00e1vel.","breadcrumb":{"@id":"https:\/\/www.ccb.pt\/en\/theatre-green-book\/#breadcrumb"},"inLanguage":"en-US","potentialAction":[{"@type":"ReadAction","target":["https:\/\/www.ccb.pt\/en\/theatre-green-book\/"]}]},{"@type":"ImageObject","inLanguage":"en-US","@id":"https:\/\/www.ccb.pt\/en\/theatre-green-book\/#primaryimage","url":"https:\/\/www.ccb.pt\/wp-content\/uploads\/2025\/01\/Pequeno-auditorioCCB-Risco-e1738332257424.jpg","contentUrl":"https:\/\/www.ccb.pt\/wp-content\/uploads\/2025\/01\/Pequeno-auditorioCCB-Risco-e1738332257424.jpg","width":1945,"height":1297,"caption":"Pequeno Audit\u00f3rio - CCB"},{"@type":"BreadcrumbList","@id":"https:\/\/www.ccb.pt\/en\/theatre-green-book\/#breadcrumb","itemListElement":[{"@type":"ListItem","position":1,"name":"Home","item":"https:\/\/www.ccb.pt\/en\/"},{"@type":"ListItem","position":2,"name":"The CCB wants to achieve carbon neutrality"}]},{"@type":"WebSite","@id":"https:\/\/www.ccb.pt\/#website","url":"https:\/\/www.ccb.pt\/","name":"Centro Cultural de Bel\u00e9m Foundation","description":"","publisher":{"@id":"https:\/\/www.ccb.pt\/#organization"},"potentialAction":[{"@type":"SearchAction","target":{"@type":"EntryPoint","urlTemplate":"https:\/\/www.ccb.pt\/?s={search_term_string}"},"query-input":"required name=search_term_string"}],"inLanguage":"en-US"},{"@type":"Organization","@id":"https:\/\/www.ccb.pt\/#organization","name":"Centro Cultural de Bel\u00e9m Foundation","url":"https:\/\/www.ccb.pt\/","logo":{"@type":"ImageObject","inLanguage":"en-US","@id":"https:\/\/www.ccb.pt\/#\/schema\/logo\/image\/","url":"https:\/\/www.ccb.pt\/wp-content\/uploads\/2022\/05\/1_ccb.png","contentUrl":"https:\/\/www.ccb.pt\/wp-content\/uploads\/2022\/05\/1_ccb.png","width":126,"height":100,"caption":"Centro Cultural de Bel\u00e9m Foundation"},"image":{"@id":"https:\/\/www.ccb.pt\/#\/schema\/logo\/image\/"},"sameAs":["https:\/\/twitter.com\/macccb_museu"]}]}},"_links":{"self":[{"href":"https:\/\/www.ccb.pt\/en\/wp-json\/wp\/v2\/pages\/256210"}],"collection":[{"href":"https:\/\/www.ccb.pt\/en\/wp-json\/wp\/v2\/pages"}],"about":[{"href":"https:\/\/www.ccb.pt\/en\/wp-json\/wp\/v2\/types\/page"}],"author":[{"embeddable":true,"href":"https:\/\/www.ccb.pt\/en\/wp-json\/wp\/v2\/users\/6"}],"replies":[{"embeddable":true,"href":"https:\/\/www.ccb.pt\/en\/wp-json\/wp\/v2\/comments?post=256210"}],"version-history":[{"count":2,"href":"https:\/\/www.ccb.pt\/en\/wp-json\/wp\/v2\/pages\/256210\/revisions"}],"predecessor-version":[{"id":256213,"href":"https:\/\/www.ccb.pt\/en\/wp-json\/wp\/v2\/pages\/256210\/revisions\/256213"}],"wp:featuredmedia":[{"embeddable":true,"href":"https:\/\/www.ccb.pt\/en\/wp-json\/wp\/v2\/media\/214122"}],"wp:attachment":[{"href":"https:\/\/www.ccb.pt\/en\/wp-json\/wp\/v2\/media?parent=256210"}],"wp:term":[{"taxonomy":"category","embeddable":true,"href":"https:\/\/www.ccb.pt\/en\/wp-json\/wp\/v2\/categories?post=256210"}],"curies":[{"name":"wp","href":"https:\/\/api.w.org\/{rel}","templated":true}]}}