    {"id":225749,"date":"2025-04-02T09:40:47","date_gmt":"2025-04-02T08:40:47","guid":{"rendered":"https:\/\/www.ccb.pt\/?page_id=225749"},"modified":"2025-04-02T17:39:49","modified_gmt":"2025-04-02T16:39:49","slug":"diodo-seixas-lopes-winner-grants-2","status":"publish","type":"page","link":"https:\/\/www.ccb.pt\/en\/diodo-seixas-lopes-winner-grants-2\/","title":{"rendered":"Diodo Seixas Lopes Winner Grants"},"content":{"rendered":"\n<h3 class=\"wp-block-heading has-vivid-cyan-blue-color has-text-color\">Roots and Routes<\/h3>\n\n\n\n<h3 class=\"wp-block-heading has-luminous-vivid-orange-color has-text-color\"><\/h3>\n\n\n\n<p><br>\u201cRoots and Routes\u201d is an architecture, research, and art project by Frame Colectivo and Batoto Yetu Portugal, centred on Lisbon\u2019s centenary trees. It collectively investigates urban coloniality, cultural resistance, and the interdependence between human and non-human beings, designing artistic-political interventions that integrate restorative ancestral epistemologies. The project envisions an artistic installation and guided walks that reframe Lisbon\u2019s arboreal landscape through a decolonial lens, disrupting ossified narratives and reintegrating the histories of displacement and exploitation of species transported from occupied territories.<br><\/p>\n\n\n\n<p><br>\u00a9 Frame Colectivo<\/p>\n\n\n\n<pre class=\"wp-block-code\"><code><\/code><\/pre>\n\n\n\n<p><\/p>\n","protected":false},"excerpt":{"rendered":"<p>Roots and Routes \u201cRoots and Routes\u201d is an architecture, research, and art project by Frame Colectivo and Batoto Yetu Portugal, centred on Lisbon\u2019s centenary trees. It collectively investigates urban coloniality, cultural resistance, and the interdependence between human and non-human beings, designing artistic-political interventions that integrate restorative ancestral epistemologies. The project envisions an artistic installation and [&hellip;]<\/p>\n","protected":false},"author":6,"featured_media":225719,"parent":0,"menu_order":0,"comment_status":"closed","ping_status":"closed","template":"template-institucional.php","meta":{"_relevanssi_hide_post":"","_relevanssi_pin_for_all":"","_relevanssi_pin_keywords":"","_relevanssi_unpin_keywords":"","_relevanssi_related_keywords":"","_relevanssi_related_include_ids":"","_relevanssi_related_exclude_ids":"","_relevanssi_related_no_append":"","_relevanssi_related_not_related":"","_relevanssi_related_posts":"6591,24838","_relevanssi_noindex_reason":"","footnotes":""},"categories":[],"acf":[],"yoast_head":"<!-- This site is optimized with the Yoast SEO plugin v22.3 - https:\/\/yoast.com\/wordpress\/plugins\/seo\/ -->\n<title>Diodo Seixas Lopes Winner Grants - Centro Cultural de Bel\u00e9m Foundation<\/title>\n<meta name=\"robots\" content=\"index, follow, max-snippet:-1, max-image-preview:large, max-video-preview:-1\" \/>\n<link rel=\"canonical\" href=\"https:\/\/www.ccb.pt\/en\/diodo-seixas-lopes-winner-grants-2\/\" \/>\n<meta property=\"og:locale\" content=\"en_US\" \/>\n<meta property=\"og:type\" content=\"article\" \/>\n<meta property=\"og:title\" content=\"Diodo Seixas Lopes Winner Grants - Centro Cultural de Bel\u00e9m Foundation\" \/>\n<meta property=\"og:description\" content=\"Roots and Routes \u201cRoots and Routes\u201d is an architecture, research, and art project by Frame Colectivo and Batoto Yetu Portugal, centred on Lisbon\u2019s centenary trees. It collectively investigates urban coloniality, cultural resistance, and the interdependence between human and non-human beings, designing artistic-political interventions that integrate restorative ancestral epistemologies. The project envisions an artistic installation and [&hellip;]\" \/>\n<meta property=\"og:url\" content=\"https:\/\/www.ccb.pt\/en\/diodo-seixas-lopes-winner-grants-2\/\" \/>\n<meta property=\"og:site_name\" content=\"Centro Cultural de Bel\u00e9m Foundation\" \/>\n<meta property=\"article:modified_time\" content=\"2025-04-02T16:39:49+00:00\" \/>\n<meta property=\"og:image\" content=\"https:\/\/www.ccb.pt\/wp-content\/uploads\/2025\/03\/bolsasdiogoseixaslopes-Frame-1-e1743433845229.jpg\" \/>\n\t<meta property=\"og:image:width\" content=\"2000\" \/>\n\t<meta property=\"og:image:height\" content=\"1023\" \/>\n\t<meta property=\"og:image:type\" content=\"image\/jpeg\" \/>\n<meta name=\"twitter:card\" content=\"summary_large_image\" \/>\n<meta name=\"twitter:site\" content=\"@macccb_museu\" \/>\n<meta name=\"twitter:label1\" content=\"Est. reading time\" \/>\n\t<meta name=\"twitter:data1\" content=\"1 minute\" \/>\n<script type=\"application\/ld+json\" class=\"yoast-schema-graph\">{\"@context\":\"https:\/\/schema.org\",\"@graph\":[{\"@type\":\"WebPage\",\"@id\":\"https:\/\/www.ccb.pt\/en\/diodo-seixas-lopes-winner-grants-2\/\",\"url\":\"https:\/\/www.ccb.pt\/en\/diodo-seixas-lopes-winner-grants-2\/\",\"name\":\"Diodo Seixas Lopes Winner Grants - Centro Cultural de Bel\u00e9m Foundation\",\"isPartOf\":{\"@id\":\"https:\/\/www.ccb.pt\/#website\"},\"primaryImageOfPage\":{\"@id\":\"https:\/\/www.ccb.pt\/en\/diodo-seixas-lopes-winner-grants-2\/#primaryimage\"},\"image\":{\"@id\":\"https:\/\/www.ccb.pt\/en\/diodo-seixas-lopes-winner-grants-2\/#primaryimage\"},\"thumbnailUrl\":\"https:\/\/www.ccb.pt\/wp-content\/uploads\/2025\/03\/bolsasdiogoseixaslopes-Frame-1-e1743433845229.jpg\",\"datePublished\":\"2025-04-02T08:40:47+00:00\",\"dateModified\":\"2025-04-02T16:39:49+00:00\",\"breadcrumb\":{\"@id\":\"https:\/\/www.ccb.pt\/en\/diodo-seixas-lopes-winner-grants-2\/#breadcrumb\"},\"inLanguage\":\"en-US\",\"potentialAction\":[{\"@type\":\"ReadAction\",\"target\":[\"https:\/\/www.ccb.pt\/en\/diodo-seixas-lopes-winner-grants-2\/\"]}]},{\"@type\":\"ImageObject\",\"inLanguage\":\"en-US\",\"@id\":\"https:\/\/www.ccb.pt\/en\/diodo-seixas-lopes-winner-grants-2\/#primaryimage\",\"url\":\"https:\/\/www.ccb.pt\/wp-content\/uploads\/2025\/03\/bolsasdiogoseixaslopes-Frame-1-e1743433845229.jpg\",\"contentUrl\":\"https:\/\/www.ccb.pt\/wp-content\/uploads\/2025\/03\/bolsasdiogoseixaslopes-Frame-1-e1743433845229.jpg\",\"width\":2000,\"height\":1139,\"caption\":\"peda\u00e7os de pedras no ch\u00e3o no meio da vegeta\u00e7\u00e3o, a imagem mostra uma peda\u00e7o de espelho com reflexos.\"},{\"@type\":\"BreadcrumbList\",\"@id\":\"https:\/\/www.ccb.pt\/en\/diodo-seixas-lopes-winner-grants-2\/#breadcrumb\",\"itemListElement\":[{\"@type\":\"ListItem\",\"position\":1,\"name\":\"Home\",\"item\":\"https:\/\/www.ccb.pt\/en\/\"},{\"@type\":\"ListItem\",\"position\":2,\"name\":\"Diodo Seixas Lopes Winner Grants\"}]},{\"@type\":\"WebSite\",\"@id\":\"https:\/\/www.ccb.pt\/#website\",\"url\":\"https:\/\/www.ccb.pt\/\",\"name\":\"Centro Cultural de Bel\u00e9m Foundation\",\"description\":\"\",\"publisher\":{\"@id\":\"https:\/\/www.ccb.pt\/#organization\"},\"potentialAction\":[{\"@type\":\"SearchAction\",\"target\":{\"@type\":\"EntryPoint\",\"urlTemplate\":\"https:\/\/www.ccb.pt\/?s={search_term_string}\"},\"query-input\":\"required name=search_term_string\"}],\"inLanguage\":\"en-US\"},{\"@type\":\"Organization\",\"@id\":\"https:\/\/www.ccb.pt\/#organization\",\"name\":\"Centro Cultural de Bel\u00e9m Foundation\",\"url\":\"https:\/\/www.ccb.pt\/\",\"logo\":{\"@type\":\"ImageObject\",\"inLanguage\":\"en-US\",\"@id\":\"https:\/\/www.ccb.pt\/#\/schema\/logo\/image\/\",\"url\":\"https:\/\/www.ccb.pt\/wp-content\/uploads\/2022\/05\/1_ccb.png\",\"contentUrl\":\"https:\/\/www.ccb.pt\/wp-content\/uploads\/2022\/05\/1_ccb.png\",\"width\":126,\"height\":100,\"caption\":\"Centro Cultural de Bel\u00e9m Foundation\"},\"image\":{\"@id\":\"https:\/\/www.ccb.pt\/#\/schema\/logo\/image\/\"},\"sameAs\":[\"https:\/\/twitter.com\/macccb_museu\"]}]}<\/script>\n<!-- \/ Yoast SEO plugin. -->","yoast_head_json":{"title":"Diodo Seixas Lopes Winner Grants - Centro Cultural de Bel\u00e9m Foundation","robots":{"index":"index","follow":"follow","max-snippet":"max-snippet:-1","max-image-preview":"max-image-preview:large","max-video-preview":"max-video-preview:-1"},"canonical":"https:\/\/www.ccb.pt\/en\/diodo-seixas-lopes-winner-grants-2\/","og_locale":"en_US","og_type":"article","og_title":"Diodo Seixas Lopes Winner Grants - Centro Cultural de Bel\u00e9m Foundation","og_description":"Roots and Routes \u201cRoots and Routes\u201d is an architecture, research, and art project by Frame Colectivo and Batoto Yetu Portugal, centred on Lisbon\u2019s centenary trees. It collectively investigates urban coloniality, cultural resistance, and the interdependence between human and non-human beings, designing artistic-political interventions that integrate restorative ancestral epistemologies. The project envisions an artistic installation and [&hellip;]","og_url":"https:\/\/www.ccb.pt\/en\/diodo-seixas-lopes-winner-grants-2\/","og_site_name":"Centro Cultural de Bel\u00e9m Foundation","article_modified_time":"2025-04-02T16:39:49+00:00","og_image":[{"width":2000,"height":1023,"url":"https:\/\/www.ccb.pt\/wp-content\/uploads\/2025\/03\/bolsasdiogoseixaslopes-Frame-1-e1743433845229.jpg","type":"image\/jpeg"}],"twitter_card":"summary_large_image","twitter_site":"@macccb_museu","twitter_misc":{"Est. reading time":"1 minute"},"schema":{"@context":"https:\/\/schema.org","@graph":[{"@type":"WebPage","@id":"https:\/\/www.ccb.pt\/en\/diodo-seixas-lopes-winner-grants-2\/","url":"https:\/\/www.ccb.pt\/en\/diodo-seixas-lopes-winner-grants-2\/","name":"Diodo Seixas Lopes Winner Grants - Centro Cultural de Bel\u00e9m Foundation","isPartOf":{"@id":"https:\/\/www.ccb.pt\/#website"},"primaryImageOfPage":{"@id":"https:\/\/www.ccb.pt\/en\/diodo-seixas-lopes-winner-grants-2\/#primaryimage"},"image":{"@id":"https:\/\/www.ccb.pt\/en\/diodo-seixas-lopes-winner-grants-2\/#primaryimage"},"thumbnailUrl":"https:\/\/www.ccb.pt\/wp-content\/uploads\/2025\/03\/bolsasdiogoseixaslopes-Frame-1-e1743433845229.jpg","datePublished":"2025-04-02T08:40:47+00:00","dateModified":"2025-04-02T16:39:49+00:00","breadcrumb":{"@id":"https:\/\/www.ccb.pt\/en\/diodo-seixas-lopes-winner-grants-2\/#breadcrumb"},"inLanguage":"en-US","potentialAction":[{"@type":"ReadAction","target":["https:\/\/www.ccb.pt\/en\/diodo-seixas-lopes-winner-grants-2\/"]}]},{"@type":"ImageObject","inLanguage":"en-US","@id":"https:\/\/www.ccb.pt\/en\/diodo-seixas-lopes-winner-grants-2\/#primaryimage","url":"https:\/\/www.ccb.pt\/wp-content\/uploads\/2025\/03\/bolsasdiogoseixaslopes-Frame-1-e1743433845229.jpg","contentUrl":"https:\/\/www.ccb.pt\/wp-content\/uploads\/2025\/03\/bolsasdiogoseixaslopes-Frame-1-e1743433845229.jpg","width":2000,"height":1139,"caption":"peda\u00e7os de pedras no ch\u00e3o no meio da vegeta\u00e7\u00e3o, a imagem mostra uma peda\u00e7o de espelho com reflexos."},{"@type":"BreadcrumbList","@id":"https:\/\/www.ccb.pt\/en\/diodo-seixas-lopes-winner-grants-2\/#breadcrumb","itemListElement":[{"@type":"ListItem","position":1,"name":"Home","item":"https:\/\/www.ccb.pt\/en\/"},{"@type":"ListItem","position":2,"name":"Diodo Seixas Lopes Winner Grants"}]},{"@type":"WebSite","@id":"https:\/\/www.ccb.pt\/#website","url":"https:\/\/www.ccb.pt\/","name":"Centro Cultural de Bel\u00e9m Foundation","description":"","publisher":{"@id":"https:\/\/www.ccb.pt\/#organization"},"potentialAction":[{"@type":"SearchAction","target":{"@type":"EntryPoint","urlTemplate":"https:\/\/www.ccb.pt\/?s={search_term_string}"},"query-input":"required name=search_term_string"}],"inLanguage":"en-US"},{"@type":"Organization","@id":"https:\/\/www.ccb.pt\/#organization","name":"Centro Cultural de Bel\u00e9m Foundation","url":"https:\/\/www.ccb.pt\/","logo":{"@type":"ImageObject","inLanguage":"en-US","@id":"https:\/\/www.ccb.pt\/#\/schema\/logo\/image\/","url":"https:\/\/www.ccb.pt\/wp-content\/uploads\/2022\/05\/1_ccb.png","contentUrl":"https:\/\/www.ccb.pt\/wp-content\/uploads\/2022\/05\/1_ccb.png","width":126,"height":100,"caption":"Centro Cultural de Bel\u00e9m Foundation"},"image":{"@id":"https:\/\/www.ccb.pt\/#\/schema\/logo\/image\/"},"sameAs":["https:\/\/twitter.com\/macccb_museu"]}]}},"_links":{"self":[{"href":"https:\/\/www.ccb.pt\/en\/wp-json\/wp\/v2\/pages\/225749"}],"collection":[{"href":"https:\/\/www.ccb.pt\/en\/wp-json\/wp\/v2\/pages"}],"about":[{"href":"https:\/\/www.ccb.pt\/en\/wp-json\/wp\/v2\/types\/page"}],"author":[{"embeddable":true,"href":"https:\/\/www.ccb.pt\/en\/wp-json\/wp\/v2\/users\/6"}],"replies":[{"embeddable":true,"href":"https:\/\/www.ccb.pt\/en\/wp-json\/wp\/v2\/comments?post=225749"}],"version-history":[{"count":5,"href":"https:\/\/www.ccb.pt\/en\/wp-json\/wp\/v2\/pages\/225749\/revisions"}],"predecessor-version":[{"id":226859,"href":"https:\/\/www.ccb.pt\/en\/wp-json\/wp\/v2\/pages\/225749\/revisions\/226859"}],"wp:featuredmedia":[{"embeddable":true,"href":"https:\/\/www.ccb.pt\/en\/wp-json\/wp\/v2\/media\/225719"}],"wp:attachment":[{"href":"https:\/\/www.ccb.pt\/en\/wp-json\/wp\/v2\/media?parent=225749"}],"wp:term":[{"taxonomy":"category","embeddable":true,"href":"https:\/\/www.ccb.pt\/en\/wp-json\/wp\/v2\/categories?post=225749"}],"curies":[{"name":"wp","href":"https:\/\/api.w.org\/{rel}","templated":true}]}}