    {"id":225741,"date":"2025-04-02T17:37:38","date_gmt":"2025-04-02T16:37:38","guid":{"rendered":"https:\/\/www.ccb.pt\/?page_id=225741"},"modified":"2025-04-02T17:37:40","modified_gmt":"2025-04-02T16:37:40","slug":"diogo-seixas-lopes-winner-grants","status":"publish","type":"page","link":"https:\/\/www.ccb.pt\/en\/diogo-seixas-lopes-winner-grants\/","title":{"rendered":"Diogo Seixas Lopes Winner Grants"},"content":{"rendered":"\n<h3 class=\"wp-block-heading has-cyan-bluish-gray-color has-text-color\"><strong><strong>Columba Livia sp. Domestica: A Critical Agent for Decoding Spatial Policies<\/strong><\/strong><\/h3>\n\n\n\n<h3 class=\"wp-block-heading has-cyan-bluish-gray-color has-text-color\"><\/h3>\n\n\n\n<p><br>\u201cColumba Livia sp. Domestica: A Critical Agent for Decoding Spatial Policies\u201d takes an unorthodox approach to the pigeon as both a critical agent and a metabolic interface for decoding spatial, sociocultural, and geopolitical dynamics.<\/p>\n\n\n\n<pre class=\"wp-block-code\"><code><\/code><\/pre>\n\n\n\n<p>Throughout history, the relationship between humans and pigeons has oscillated between veneration and marginalisation. From messengers to symbols of resistance, from sentinel species to urban pests, pigeons defy rigid classifications\u2014domesticated or wild, useful or disposable, central or peripheral. This project maps and activates trans-territorial connections between rural peripheries and urban centres, rethinking human-columbid interactions beyond conventional narratives of pest control and eradication.<\/p>\n\n\n\n<p><br><\/p>\n\n\n\n<p>\u00a9 Stroboscopic photograph of pigeon walking showing the typical \u201chold and thrust\u201d <em>action of head-bobbing in &#8220;The Optokinetic Basis of Head-Bobbing in the Pigeon<\/em><ins>,<\/ins>&#8221; by B. J. Frost, <em>Journal of Experimental Biology<\/em><ins>,<\/ins> vol. 74, 1978<br><\/p>\n\n\n\n<pre class=\"wp-block-code\"><code><\/code><\/pre>\n\n\n\n<pre class=\"wp-block-code\"><code><\/code><\/pre>\n","protected":false},"excerpt":{"rendered":"<p>Columba Livia sp. Domestica: A Critical Agent for Decoding Spatial Policies \u201cColumba Livia sp. Domestica: A Critical Agent for Decoding Spatial Policies\u201d takes an unorthodox approach to the pigeon as both a critical agent and a metabolic interface for decoding spatial, sociocultural, and geopolitical dynamics. Throughout history, the relationship between humans and pigeons has oscillated [&hellip;]<\/p>\n","protected":false},"author":6,"featured_media":225697,"parent":0,"menu_order":0,"comment_status":"closed","ping_status":"closed","template":"template-institucional.php","meta":{"_relevanssi_hide_post":"","_relevanssi_pin_for_all":"","_relevanssi_pin_keywords":"","_relevanssi_unpin_keywords":"","_relevanssi_related_keywords":"","_relevanssi_related_include_ids":"","_relevanssi_related_exclude_ids":"","_relevanssi_related_no_append":"","_relevanssi_related_not_related":"","_relevanssi_related_posts":"6591,24838","_relevanssi_noindex_reason":"","footnotes":""},"categories":[],"acf":[],"yoast_head":"<!-- This site is optimized with the Yoast SEO plugin v22.3 - https:\/\/yoast.com\/wordpress\/plugins\/seo\/ -->\n<title>Diogo Seixas Lopes Winner Grants - Centro Cultural de Bel\u00e9m Foundation<\/title>\n<meta name=\"robots\" content=\"index, follow, max-snippet:-1, max-image-preview:large, max-video-preview:-1\" \/>\n<link rel=\"canonical\" href=\"https:\/\/www.ccb.pt\/en\/diogo-seixas-lopes-winner-grants\/\" \/>\n<meta property=\"og:locale\" content=\"en_US\" \/>\n<meta property=\"og:type\" content=\"article\" \/>\n<meta property=\"og:title\" content=\"Diogo Seixas Lopes Winner Grants - Centro Cultural de Bel\u00e9m Foundation\" \/>\n<meta property=\"og:description\" content=\"Columba Livia sp. Domestica: A Critical Agent for Decoding Spatial Policies \u201cColumba Livia sp. Domestica: A Critical Agent for Decoding Spatial Policies\u201d takes an unorthodox approach to the pigeon as both a critical agent and a metabolic interface for decoding spatial, sociocultural, and geopolitical dynamics. Throughout history, the relationship between humans and pigeons has oscillated [&hellip;]\" \/>\n<meta property=\"og:url\" content=\"https:\/\/www.ccb.pt\/en\/diogo-seixas-lopes-winner-grants\/\" \/>\n<meta property=\"og:site_name\" content=\"Centro Cultural de Bel\u00e9m Foundation\" \/>\n<meta property=\"article:modified_time\" content=\"2025-04-02T16:37:40+00:00\" \/>\n<meta property=\"og:image\" content=\"https:\/\/www.ccb.pt\/wp-content\/uploads\/2025\/03\/bolsasdiogoseixaslopes-Frame-1-e1743433845229.jpg\" \/>\n\t<meta property=\"og:image:width\" content=\"2000\" \/>\n\t<meta property=\"og:image:height\" content=\"1023\" \/>\n\t<meta property=\"og:image:type\" content=\"image\/jpeg\" \/>\n<meta name=\"twitter:card\" content=\"summary_large_image\" \/>\n<meta name=\"twitter:site\" content=\"@macccb_museu\" \/>\n<meta name=\"twitter:label1\" content=\"Est. reading time\" \/>\n\t<meta name=\"twitter:data1\" content=\"1 minute\" \/>\n<script type=\"application\/ld+json\" class=\"yoast-schema-graph\">{\"@context\":\"https:\/\/schema.org\",\"@graph\":[{\"@type\":\"WebPage\",\"@id\":\"https:\/\/www.ccb.pt\/en\/diogo-seixas-lopes-winner-grants\/\",\"url\":\"https:\/\/www.ccb.pt\/en\/diogo-seixas-lopes-winner-grants\/\",\"name\":\"Diogo Seixas Lopes Winner Grants - Centro Cultural de Bel\u00e9m Foundation\",\"isPartOf\":{\"@id\":\"https:\/\/www.ccb.pt\/#website\"},\"primaryImageOfPage\":{\"@id\":\"https:\/\/www.ccb.pt\/en\/diogo-seixas-lopes-winner-grants\/#primaryimage\"},\"image\":{\"@id\":\"https:\/\/www.ccb.pt\/en\/diogo-seixas-lopes-winner-grants\/#primaryimage\"},\"thumbnailUrl\":\"https:\/\/www.ccb.pt\/wp-content\/uploads\/2025\/03\/BolsasdiogoseixaslopesFIELD-1-e1743432127555.jpg\",\"datePublished\":\"2025-04-02T16:37:38+00:00\",\"dateModified\":\"2025-04-02T16:37:40+00:00\",\"breadcrumb\":{\"@id\":\"https:\/\/www.ccb.pt\/en\/diogo-seixas-lopes-winner-grants\/#breadcrumb\"},\"inLanguage\":\"en-US\",\"potentialAction\":[{\"@type\":\"ReadAction\",\"target\":[\"https:\/\/www.ccb.pt\/en\/diogo-seixas-lopes-winner-grants\/\"]}]},{\"@type\":\"ImageObject\",\"inLanguage\":\"en-US\",\"@id\":\"https:\/\/www.ccb.pt\/en\/diogo-seixas-lopes-winner-grants\/#primaryimage\",\"url\":\"https:\/\/www.ccb.pt\/wp-content\/uploads\/2025\/03\/BolsasdiogoseixaslopesFIELD-1-e1743432127555.jpg\",\"contentUrl\":\"https:\/\/www.ccb.pt\/wp-content\/uploads\/2025\/03\/BolsasdiogoseixaslopesFIELD-1-e1743432127555.jpg\",\"width\":1772,\"height\":1289,\"caption\":\"imagem a preto e branco onde mostra ondas de padr\u00f5es em movimento fluidos, evidenciando fen\u00f4menos f\u00edsicos na natureza\"},{\"@type\":\"BreadcrumbList\",\"@id\":\"https:\/\/www.ccb.pt\/en\/diogo-seixas-lopes-winner-grants\/#breadcrumb\",\"itemListElement\":[{\"@type\":\"ListItem\",\"position\":1,\"name\":\"Home\",\"item\":\"https:\/\/www.ccb.pt\/en\/\"},{\"@type\":\"ListItem\",\"position\":2,\"name\":\"Diogo Seixas Lopes Winner Grants\"}]},{\"@type\":\"WebSite\",\"@id\":\"https:\/\/www.ccb.pt\/#website\",\"url\":\"https:\/\/www.ccb.pt\/\",\"name\":\"Centro Cultural de Bel\u00e9m Foundation\",\"description\":\"\",\"publisher\":{\"@id\":\"https:\/\/www.ccb.pt\/#organization\"},\"potentialAction\":[{\"@type\":\"SearchAction\",\"target\":{\"@type\":\"EntryPoint\",\"urlTemplate\":\"https:\/\/www.ccb.pt\/?s={search_term_string}\"},\"query-input\":\"required name=search_term_string\"}],\"inLanguage\":\"en-US\"},{\"@type\":\"Organization\",\"@id\":\"https:\/\/www.ccb.pt\/#organization\",\"name\":\"Centro Cultural de Bel\u00e9m Foundation\",\"url\":\"https:\/\/www.ccb.pt\/\",\"logo\":{\"@type\":\"ImageObject\",\"inLanguage\":\"en-US\",\"@id\":\"https:\/\/www.ccb.pt\/#\/schema\/logo\/image\/\",\"url\":\"https:\/\/www.ccb.pt\/wp-content\/uploads\/2022\/05\/1_ccb.png\",\"contentUrl\":\"https:\/\/www.ccb.pt\/wp-content\/uploads\/2022\/05\/1_ccb.png\",\"width\":126,\"height\":100,\"caption\":\"Centro Cultural de Bel\u00e9m Foundation\"},\"image\":{\"@id\":\"https:\/\/www.ccb.pt\/#\/schema\/logo\/image\/\"},\"sameAs\":[\"https:\/\/twitter.com\/macccb_museu\"]}]}<\/script>\n<!-- \/ Yoast SEO plugin. -->","yoast_head_json":{"title":"Diogo Seixas Lopes Winner Grants - Centro Cultural de Bel\u00e9m Foundation","robots":{"index":"index","follow":"follow","max-snippet":"max-snippet:-1","max-image-preview":"max-image-preview:large","max-video-preview":"max-video-preview:-1"},"canonical":"https:\/\/www.ccb.pt\/en\/diogo-seixas-lopes-winner-grants\/","og_locale":"en_US","og_type":"article","og_title":"Diogo Seixas Lopes Winner Grants - Centro Cultural de Bel\u00e9m Foundation","og_description":"Columba Livia sp. Domestica: A Critical Agent for Decoding Spatial Policies \u201cColumba Livia sp. Domestica: A Critical Agent for Decoding Spatial Policies\u201d takes an unorthodox approach to the pigeon as both a critical agent and a metabolic interface for decoding spatial, sociocultural, and geopolitical dynamics. Throughout history, the relationship between humans and pigeons has oscillated [&hellip;]","og_url":"https:\/\/www.ccb.pt\/en\/diogo-seixas-lopes-winner-grants\/","og_site_name":"Centro Cultural de Bel\u00e9m Foundation","article_modified_time":"2025-04-02T16:37:40+00:00","og_image":[{"width":2000,"height":1023,"url":"https:\/\/www.ccb.pt\/wp-content\/uploads\/2025\/03\/bolsasdiogoseixaslopes-Frame-1-e1743433845229.jpg","type":"image\/jpeg"}],"twitter_card":"summary_large_image","twitter_site":"@macccb_museu","twitter_misc":{"Est. reading time":"1 minute"},"schema":{"@context":"https:\/\/schema.org","@graph":[{"@type":"WebPage","@id":"https:\/\/www.ccb.pt\/en\/diogo-seixas-lopes-winner-grants\/","url":"https:\/\/www.ccb.pt\/en\/diogo-seixas-lopes-winner-grants\/","name":"Diogo Seixas Lopes Winner Grants - Centro Cultural de Bel\u00e9m Foundation","isPartOf":{"@id":"https:\/\/www.ccb.pt\/#website"},"primaryImageOfPage":{"@id":"https:\/\/www.ccb.pt\/en\/diogo-seixas-lopes-winner-grants\/#primaryimage"},"image":{"@id":"https:\/\/www.ccb.pt\/en\/diogo-seixas-lopes-winner-grants\/#primaryimage"},"thumbnailUrl":"https:\/\/www.ccb.pt\/wp-content\/uploads\/2025\/03\/BolsasdiogoseixaslopesFIELD-1-e1743432127555.jpg","datePublished":"2025-04-02T16:37:38+00:00","dateModified":"2025-04-02T16:37:40+00:00","breadcrumb":{"@id":"https:\/\/www.ccb.pt\/en\/diogo-seixas-lopes-winner-grants\/#breadcrumb"},"inLanguage":"en-US","potentialAction":[{"@type":"ReadAction","target":["https:\/\/www.ccb.pt\/en\/diogo-seixas-lopes-winner-grants\/"]}]},{"@type":"ImageObject","inLanguage":"en-US","@id":"https:\/\/www.ccb.pt\/en\/diogo-seixas-lopes-winner-grants\/#primaryimage","url":"https:\/\/www.ccb.pt\/wp-content\/uploads\/2025\/03\/BolsasdiogoseixaslopesFIELD-1-e1743432127555.jpg","contentUrl":"https:\/\/www.ccb.pt\/wp-content\/uploads\/2025\/03\/BolsasdiogoseixaslopesFIELD-1-e1743432127555.jpg","width":1772,"height":1289,"caption":"imagem a preto e branco onde mostra ondas de padr\u00f5es em movimento fluidos, evidenciando fen\u00f4menos f\u00edsicos na natureza"},{"@type":"BreadcrumbList","@id":"https:\/\/www.ccb.pt\/en\/diogo-seixas-lopes-winner-grants\/#breadcrumb","itemListElement":[{"@type":"ListItem","position":1,"name":"Home","item":"https:\/\/www.ccb.pt\/en\/"},{"@type":"ListItem","position":2,"name":"Diogo Seixas Lopes Winner Grants"}]},{"@type":"WebSite","@id":"https:\/\/www.ccb.pt\/#website","url":"https:\/\/www.ccb.pt\/","name":"Centro Cultural de Bel\u00e9m Foundation","description":"","publisher":{"@id":"https:\/\/www.ccb.pt\/#organization"},"potentialAction":[{"@type":"SearchAction","target":{"@type":"EntryPoint","urlTemplate":"https:\/\/www.ccb.pt\/?s={search_term_string}"},"query-input":"required name=search_term_string"}],"inLanguage":"en-US"},{"@type":"Organization","@id":"https:\/\/www.ccb.pt\/#organization","name":"Centro Cultural de Bel\u00e9m Foundation","url":"https:\/\/www.ccb.pt\/","logo":{"@type":"ImageObject","inLanguage":"en-US","@id":"https:\/\/www.ccb.pt\/#\/schema\/logo\/image\/","url":"https:\/\/www.ccb.pt\/wp-content\/uploads\/2022\/05\/1_ccb.png","contentUrl":"https:\/\/www.ccb.pt\/wp-content\/uploads\/2022\/05\/1_ccb.png","width":126,"height":100,"caption":"Centro Cultural de Bel\u00e9m Foundation"},"image":{"@id":"https:\/\/www.ccb.pt\/#\/schema\/logo\/image\/"},"sameAs":["https:\/\/twitter.com\/macccb_museu"]}]}},"_links":{"self":[{"href":"https:\/\/www.ccb.pt\/en\/wp-json\/wp\/v2\/pages\/225741"}],"collection":[{"href":"https:\/\/www.ccb.pt\/en\/wp-json\/wp\/v2\/pages"}],"about":[{"href":"https:\/\/www.ccb.pt\/en\/wp-json\/wp\/v2\/types\/page"}],"author":[{"embeddable":true,"href":"https:\/\/www.ccb.pt\/en\/wp-json\/wp\/v2\/users\/6"}],"replies":[{"embeddable":true,"href":"https:\/\/www.ccb.pt\/en\/wp-json\/wp\/v2\/comments?post=225741"}],"version-history":[{"count":4,"href":"https:\/\/www.ccb.pt\/en\/wp-json\/wp\/v2\/pages\/225741\/revisions"}],"predecessor-version":[{"id":226857,"href":"https:\/\/www.ccb.pt\/en\/wp-json\/wp\/v2\/pages\/225741\/revisions\/226857"}],"wp:featuredmedia":[{"embeddable":true,"href":"https:\/\/www.ccb.pt\/en\/wp-json\/wp\/v2\/media\/225697"}],"wp:attachment":[{"href":"https:\/\/www.ccb.pt\/en\/wp-json\/wp\/v2\/media?parent=225741"}],"wp:term":[{"taxonomy":"category","embeddable":true,"href":"https:\/\/www.ccb.pt\/en\/wp-json\/wp\/v2\/categories?post=225741"}],"curies":[{"name":"wp","href":"https:\/\/api.w.org\/{rel}","templated":true}]}}