    {"id":172334,"date":"2024-04-23T11:24:07","date_gmt":"2024-04-23T10:24:07","guid":{"rendered":"https:\/\/www.ccb.pt\/aviso-restricoes-de-acessos-25-abril\/"},"modified":"2024-04-23T11:56:54","modified_gmt":"2024-04-23T10:56:54","slug":"warning-access-restrictions-25-april","status":"publish","type":"page","link":"https:\/\/www.ccb.pt\/en\/warning-access-restrictions-25-april\/","title":{"rendered":"WARNING | ACCESS RESTRICTIONS"},"content":{"rendered":"","protected":false},"excerpt":{"rendered":"","protected":false},"author":6,"featured_media":158611,"parent":0,"menu_order":0,"comment_status":"closed","ping_status":"closed","template":"template-institucional.php","meta":{"_relevanssi_hide_post":"","_relevanssi_pin_for_all":"","_relevanssi_pin_keywords":"","_relevanssi_unpin_keywords":"","_relevanssi_related_keywords":"","_relevanssi_related_include_ids":"","_relevanssi_related_exclude_ids":"","_relevanssi_related_no_append":"","_relevanssi_related_not_related":"","_relevanssi_related_posts":"28153,24838,6591","_relevanssi_noindex_reason":"","footnotes":""},"categories":[],"acf":[],"yoast_head":"<!-- This site is optimized with the Yoast SEO plugin v22.3 - https:\/\/yoast.com\/wordpress\/plugins\/seo\/ -->\n<title>WARNING | ACCESS RESTRICTIONS - Centro Cultural de Bel\u00e9m Foundation<\/title>\n<meta name=\"description\" content=\"No dia 25 de abril, no \u00e2mbito da realiza\u00e7\u00e3o da Cerim\u00f3nia de Evoca\u00e7\u00e3o dos 50 anos do 25 de Abril, que se realizar\u00e1 no Centro Cultural de Bel\u00e9m, haver\u00e1 restri\u00e7\u00f5es de acesso aos m\u00f3dulos 1 e 2, ao Caminho Jos\u00e9 Saramago, \u00e0 Pra\u00e7a CCB e \u00e0s \u00e1reas envolventes, a partir das 11:00.\" \/>\n<meta name=\"robots\" content=\"index, follow, max-snippet:-1, max-image-preview:large, max-video-preview:-1\" \/>\n<link rel=\"canonical\" href=\"https:\/\/www.ccb.pt\/en\/warning-access-restrictions-25-april\/\" \/>\n<meta property=\"og:locale\" content=\"en_US\" \/>\n<meta property=\"og:type\" content=\"article\" \/>\n<meta property=\"og:title\" content=\"Restri\u00e7\u00f5es de Acessos: No dia 25 abril | Centro Cultural de Bel\u00e9m\" \/>\n<meta property=\"og:description\" content=\"No dia 25 de abril, no \u00e2mbito da realiza\u00e7\u00e3o da Cerim\u00f3nia de Evoca\u00e7\u00e3o dos 50 anos do 25 de Abril, que se realizar\u00e1 no Centro Cultural de Bel\u00e9m, haver\u00e1 restri\u00e7\u00f5es de acesso aos m\u00f3dulos 1 e 2, ao Caminho Jos\u00e9 Saramago, \u00e0 Pra\u00e7a CCB e \u00e0s \u00e1reas envolventes, a partir das 11:00.\" \/>\n<meta property=\"og:url\" content=\"https:\/\/www.ccb.pt\/en\/warning-access-restrictions-25-april\/\" \/>\n<meta property=\"og:site_name\" content=\"Centro Cultural de Bel\u00e9m Foundation\" \/>\n<meta property=\"article:modified_time\" content=\"2024-04-23T10:56:54+00:00\" \/>\n<meta property=\"og:image\" content=\"https:\/\/www.ccb.pt\/wp-content\/uploads\/2024\/03\/ccb.jpg\" \/>\n\t<meta property=\"og:image:width\" content=\"1400\" \/>\n\t<meta property=\"og:image:height\" content=\"787\" \/>\n\t<meta property=\"og:image:type\" content=\"image\/jpeg\" \/>\n<meta name=\"twitter:card\" content=\"summary_large_image\" \/>\n<meta name=\"twitter:site\" content=\"@macccb_museu\" \/>\n<meta name=\"twitter:label1\" content=\"Est. reading time\" \/>\n\t<meta name=\"twitter:data1\" content=\"1 minute\" \/>\n<script type=\"application\/ld+json\" class=\"yoast-schema-graph\">{\"@context\":\"https:\/\/schema.org\",\"@graph\":[{\"@type\":\"WebPage\",\"@id\":\"https:\/\/www.ccb.pt\/en\/warning-access-restrictions-25-april\/\",\"url\":\"https:\/\/www.ccb.pt\/en\/warning-access-restrictions-25-april\/\",\"name\":\"WARNING | ACCESS RESTRICTIONS - Centro Cultural de Bel\u00e9m Foundation\",\"isPartOf\":{\"@id\":\"https:\/\/www.ccb.pt\/#website\"},\"primaryImageOfPage\":{\"@id\":\"https:\/\/www.ccb.pt\/en\/warning-access-restrictions-25-april\/#primaryimage\"},\"image\":{\"@id\":\"https:\/\/www.ccb.pt\/en\/warning-access-restrictions-25-april\/#primaryimage\"},\"thumbnailUrl\":\"https:\/\/www.ccb.pt\/wp-content\/uploads\/2024\/02\/caminho-pedonal-scaled-e1708592760633.jpg\",\"datePublished\":\"2024-04-23T10:24:07+00:00\",\"dateModified\":\"2024-04-23T10:56:54+00:00\",\"description\":\"No dia 25 de abril, no \u00e2mbito da realiza\u00e7\u00e3o da Cerim\u00f3nia de Evoca\u00e7\u00e3o dos 50 anos do 25 de Abril, que se realizar\u00e1 no Centro Cultural de Bel\u00e9m, haver\u00e1 restri\u00e7\u00f5es de acesso aos m\u00f3dulos 1 e 2, ao Caminho Jos\u00e9 Saramago, \u00e0 Pra\u00e7a CCB e \u00e0s \u00e1reas envolventes, a partir das 11:00.\",\"breadcrumb\":{\"@id\":\"https:\/\/www.ccb.pt\/en\/warning-access-restrictions-25-april\/#breadcrumb\"},\"inLanguage\":\"en-US\",\"potentialAction\":[{\"@type\":\"ReadAction\",\"target\":[\"https:\/\/www.ccb.pt\/en\/warning-access-restrictions-25-april\/\"]}]},{\"@type\":\"ImageObject\",\"inLanguage\":\"en-US\",\"@id\":\"https:\/\/www.ccb.pt\/en\/warning-access-restrictions-25-april\/#primaryimage\",\"url\":\"https:\/\/www.ccb.pt\/wp-content\/uploads\/2024\/02\/caminho-pedonal-scaled-e1708592760633.jpg\",\"contentUrl\":\"https:\/\/www.ccb.pt\/wp-content\/uploads\/2024\/02\/caminho-pedonal-scaled-e1708592760633.jpg\",\"width\":2560,\"height\":1440,\"caption\":\"Imagem do caminho pedonal do CCB\"},{\"@type\":\"BreadcrumbList\",\"@id\":\"https:\/\/www.ccb.pt\/en\/warning-access-restrictions-25-april\/#breadcrumb\",\"itemListElement\":[{\"@type\":\"ListItem\",\"position\":1,\"name\":\"Home\",\"item\":\"https:\/\/www.ccb.pt\/en\/\"},{\"@type\":\"ListItem\",\"position\":2,\"name\":\"WARNING | ACCESS RESTRICTIONS\"}]},{\"@type\":\"WebSite\",\"@id\":\"https:\/\/www.ccb.pt\/#website\",\"url\":\"https:\/\/www.ccb.pt\/\",\"name\":\"Centro Cultural de Bel\u00e9m Foundation\",\"description\":\"\",\"publisher\":{\"@id\":\"https:\/\/www.ccb.pt\/#organization\"},\"potentialAction\":[{\"@type\":\"SearchAction\",\"target\":{\"@type\":\"EntryPoint\",\"urlTemplate\":\"https:\/\/www.ccb.pt\/?s={search_term_string}\"},\"query-input\":\"required name=search_term_string\"}],\"inLanguage\":\"en-US\"},{\"@type\":\"Organization\",\"@id\":\"https:\/\/www.ccb.pt\/#organization\",\"name\":\"Centro Cultural de Bel\u00e9m Foundation\",\"url\":\"https:\/\/www.ccb.pt\/\",\"logo\":{\"@type\":\"ImageObject\",\"inLanguage\":\"en-US\",\"@id\":\"https:\/\/www.ccb.pt\/#\/schema\/logo\/image\/\",\"url\":\"https:\/\/www.ccb.pt\/wp-content\/uploads\/2022\/05\/1_ccb.png\",\"contentUrl\":\"https:\/\/www.ccb.pt\/wp-content\/uploads\/2022\/05\/1_ccb.png\",\"width\":126,\"height\":100,\"caption\":\"Centro Cultural de Bel\u00e9m Foundation\"},\"image\":{\"@id\":\"https:\/\/www.ccb.pt\/#\/schema\/logo\/image\/\"},\"sameAs\":[\"https:\/\/twitter.com\/macccb_museu\"]}]}<\/script>\n<!-- \/ Yoast SEO plugin. -->","yoast_head_json":{"title":"WARNING | ACCESS RESTRICTIONS - Centro Cultural de Bel\u00e9m Foundation","description":"No dia 25 de abril, no \u00e2mbito da realiza\u00e7\u00e3o da Cerim\u00f3nia de Evoca\u00e7\u00e3o dos 50 anos do 25 de Abril, que se realizar\u00e1 no Centro Cultural de Bel\u00e9m, haver\u00e1 restri\u00e7\u00f5es de acesso aos m\u00f3dulos 1 e 2, ao Caminho Jos\u00e9 Saramago, \u00e0 Pra\u00e7a CCB e \u00e0s \u00e1reas envolventes, a partir das 11:00.","robots":{"index":"index","follow":"follow","max-snippet":"max-snippet:-1","max-image-preview":"max-image-preview:large","max-video-preview":"max-video-preview:-1"},"canonical":"https:\/\/www.ccb.pt\/en\/warning-access-restrictions-25-april\/","og_locale":"en_US","og_type":"article","og_title":"Restri\u00e7\u00f5es de Acessos: No dia 25 abril | Centro Cultural de Bel\u00e9m","og_description":"No dia 25 de abril, no \u00e2mbito da realiza\u00e7\u00e3o da Cerim\u00f3nia de Evoca\u00e7\u00e3o dos 50 anos do 25 de Abril, que se realizar\u00e1 no Centro Cultural de Bel\u00e9m, haver\u00e1 restri\u00e7\u00f5es de acesso aos m\u00f3dulos 1 e 2, ao Caminho Jos\u00e9 Saramago, \u00e0 Pra\u00e7a CCB e \u00e0s \u00e1reas envolventes, a partir das 11:00.","og_url":"https:\/\/www.ccb.pt\/en\/warning-access-restrictions-25-april\/","og_site_name":"Centro Cultural de Bel\u00e9m Foundation","article_modified_time":"2024-04-23T10:56:54+00:00","og_image":[{"width":1400,"height":787,"url":"https:\/\/www.ccb.pt\/wp-content\/uploads\/2024\/03\/ccb.jpg","type":"image\/jpeg"}],"twitter_card":"summary_large_image","twitter_site":"@macccb_museu","twitter_misc":{"Est. reading time":"1 minute"},"schema":{"@context":"https:\/\/schema.org","@graph":[{"@type":"WebPage","@id":"https:\/\/www.ccb.pt\/en\/warning-access-restrictions-25-april\/","url":"https:\/\/www.ccb.pt\/en\/warning-access-restrictions-25-april\/","name":"WARNING | ACCESS RESTRICTIONS - Centro Cultural de Bel\u00e9m Foundation","isPartOf":{"@id":"https:\/\/www.ccb.pt\/#website"},"primaryImageOfPage":{"@id":"https:\/\/www.ccb.pt\/en\/warning-access-restrictions-25-april\/#primaryimage"},"image":{"@id":"https:\/\/www.ccb.pt\/en\/warning-access-restrictions-25-april\/#primaryimage"},"thumbnailUrl":"https:\/\/www.ccb.pt\/wp-content\/uploads\/2024\/02\/caminho-pedonal-scaled-e1708592760633.jpg","datePublished":"2024-04-23T10:24:07+00:00","dateModified":"2024-04-23T10:56:54+00:00","description":"No dia 25 de abril, no \u00e2mbito da realiza\u00e7\u00e3o da Cerim\u00f3nia de Evoca\u00e7\u00e3o dos 50 anos do 25 de Abril, que se realizar\u00e1 no Centro Cultural de Bel\u00e9m, haver\u00e1 restri\u00e7\u00f5es de acesso aos m\u00f3dulos 1 e 2, ao Caminho Jos\u00e9 Saramago, \u00e0 Pra\u00e7a CCB e \u00e0s \u00e1reas envolventes, a partir das 11:00.","breadcrumb":{"@id":"https:\/\/www.ccb.pt\/en\/warning-access-restrictions-25-april\/#breadcrumb"},"inLanguage":"en-US","potentialAction":[{"@type":"ReadAction","target":["https:\/\/www.ccb.pt\/en\/warning-access-restrictions-25-april\/"]}]},{"@type":"ImageObject","inLanguage":"en-US","@id":"https:\/\/www.ccb.pt\/en\/warning-access-restrictions-25-april\/#primaryimage","url":"https:\/\/www.ccb.pt\/wp-content\/uploads\/2024\/02\/caminho-pedonal-scaled-e1708592760633.jpg","contentUrl":"https:\/\/www.ccb.pt\/wp-content\/uploads\/2024\/02\/caminho-pedonal-scaled-e1708592760633.jpg","width":2560,"height":1440,"caption":"Imagem do caminho pedonal do CCB"},{"@type":"BreadcrumbList","@id":"https:\/\/www.ccb.pt\/en\/warning-access-restrictions-25-april\/#breadcrumb","itemListElement":[{"@type":"ListItem","position":1,"name":"Home","item":"https:\/\/www.ccb.pt\/en\/"},{"@type":"ListItem","position":2,"name":"WARNING | ACCESS RESTRICTIONS"}]},{"@type":"WebSite","@id":"https:\/\/www.ccb.pt\/#website","url":"https:\/\/www.ccb.pt\/","name":"Centro Cultural de Bel\u00e9m Foundation","description":"","publisher":{"@id":"https:\/\/www.ccb.pt\/#organization"},"potentialAction":[{"@type":"SearchAction","target":{"@type":"EntryPoint","urlTemplate":"https:\/\/www.ccb.pt\/?s={search_term_string}"},"query-input":"required name=search_term_string"}],"inLanguage":"en-US"},{"@type":"Organization","@id":"https:\/\/www.ccb.pt\/#organization","name":"Centro Cultural de Bel\u00e9m Foundation","url":"https:\/\/www.ccb.pt\/","logo":{"@type":"ImageObject","inLanguage":"en-US","@id":"https:\/\/www.ccb.pt\/#\/schema\/logo\/image\/","url":"https:\/\/www.ccb.pt\/wp-content\/uploads\/2022\/05\/1_ccb.png","contentUrl":"https:\/\/www.ccb.pt\/wp-content\/uploads\/2022\/05\/1_ccb.png","width":126,"height":100,"caption":"Centro Cultural de Bel\u00e9m Foundation"},"image":{"@id":"https:\/\/www.ccb.pt\/#\/schema\/logo\/image\/"},"sameAs":["https:\/\/twitter.com\/macccb_museu"]}]}},"_links":{"self":[{"href":"https:\/\/www.ccb.pt\/en\/wp-json\/wp\/v2\/pages\/172334"}],"collection":[{"href":"https:\/\/www.ccb.pt\/en\/wp-json\/wp\/v2\/pages"}],"about":[{"href":"https:\/\/www.ccb.pt\/en\/wp-json\/wp\/v2\/types\/page"}],"author":[{"embeddable":true,"href":"https:\/\/www.ccb.pt\/en\/wp-json\/wp\/v2\/users\/6"}],"replies":[{"embeddable":true,"href":"https:\/\/www.ccb.pt\/en\/wp-json\/wp\/v2\/comments?post=172334"}],"version-history":[{"count":1,"href":"https:\/\/www.ccb.pt\/en\/wp-json\/wp\/v2\/pages\/172334\/revisions"}],"predecessor-version":[{"id":172338,"href":"https:\/\/www.ccb.pt\/en\/wp-json\/wp\/v2\/pages\/172334\/revisions\/172338"}],"wp:featuredmedia":[{"embeddable":true,"href":"https:\/\/www.ccb.pt\/en\/wp-json\/wp\/v2\/media\/158611"}],"wp:attachment":[{"href":"https:\/\/www.ccb.pt\/en\/wp-json\/wp\/v2\/media?parent=172334"}],"wp:term":[{"taxonomy":"category","embeddable":true,"href":"https:\/\/www.ccb.pt\/en\/wp-json\/wp\/v2\/categories?post=172334"}],"curies":[{"name":"wp","href":"https:\/\/api.w.org\/{rel}","templated":true}]}}