    {"id":139394,"date":"2023-09-26T14:49:45","date_gmt":"2023-09-26T13:49:45","guid":{"rendered":"https:\/\/www.ccb.pt\/colecao-ellipse\/"},"modified":"2026-02-16T17:09:09","modified_gmt":"2026-02-16T17:09:09","slug":"colecao-ellipse","status":"publish","type":"page","link":"https:\/\/www.ccb.pt\/en\/macccb\/colecao-ellipse\/","title":{"rendered":"Ellipse Collection"},"content":{"rendered":"","protected":false},"excerpt":{"rendered":"","protected":false},"author":5,"featured_media":141140,"parent":139425,"menu_order":0,"comment_status":"closed","ping_status":"closed","template":"template-museu.php","meta":{"_relevanssi_hide_post":"","_relevanssi_pin_for_all":"","_relevanssi_pin_keywords":"","_relevanssi_unpin_keywords":"","_relevanssi_related_keywords":"","_relevanssi_related_include_ids":"","_relevanssi_related_exclude_ids":"","_relevanssi_related_no_append":"","_relevanssi_related_not_related":"","_relevanssi_related_posts":"","_relevanssi_noindex_reason":"","footnotes":""},"categories":[],"acf":[],"yoast_head":"<!-- This site is optimized with the Yoast SEO plugin v22.3 - https:\/\/yoast.com\/wordpress\/plugins\/seo\/ -->\n<title>Ellipse Collection - Centro Cultural de Bel\u00e9m Foundation<\/title>\n<meta name=\"description\" content=\"The Holma\/Ellipse Collection consists of 860 works gathered by Jo\u00e3o Oliveira Rendeiro (a Portuguese banker) and a capital fund. The choice of pieces was decided by three curators: Pedro Lapa, Alexandre Melo and the North-american Manuel E. Gonz\u00e1lez, previously linked to the JP Morgan Chase bank collection.\" \/>\n<meta name=\"robots\" content=\"index, follow, max-snippet:-1, max-image-preview:large, max-video-preview:-1\" \/>\n<link rel=\"canonical\" href=\"https:\/\/www.ccb.pt\/en\/macccb\/colecao-ellipse\/\" \/>\n<meta property=\"og:locale\" content=\"en_US\" \/>\n<meta property=\"og:type\" content=\"article\" \/>\n<meta property=\"og:title\" content=\"Ellipse Collection - Centro Cultural de Bel\u00e9m Foundation\" \/>\n<meta property=\"og:description\" content=\"The Holma\/Ellipse Collection consists of 860 works gathered by Jo\u00e3o Oliveira Rendeiro (a Portuguese banker) and a capital fund. The choice of pieces was decided by three curators: Pedro Lapa, Alexandre Melo and the North-american Manuel E. Gonz\u00e1lez, previously linked to the JP Morgan Chase bank collection.\" \/>\n<meta property=\"og:url\" content=\"https:\/\/www.ccb.pt\/en\/macccb\/colecao-ellipse\/\" \/>\n<meta property=\"og:site_name\" content=\"Centro Cultural de Bel\u00e9m Foundation\" \/>\n<meta property=\"article:modified_time\" content=\"2026-02-16T17:09:09+00:00\" \/>\n<meta property=\"og:image\" content=\"https:\/\/www.ccb.pt\/wp-content\/uploads\/2023\/10\/Colecao-Ellipse.jpg\" \/>\n\t<meta property=\"og:image:width\" content=\"2000\" \/>\n\t<meta property=\"og:image:height\" content=\"1336\" \/>\n\t<meta property=\"og:image:type\" content=\"image\/jpeg\" \/>\n<meta name=\"twitter:card\" content=\"summary_large_image\" \/>\n<meta name=\"twitter:site\" content=\"@macccb_museu\" \/>\n<meta name=\"twitter:label1\" content=\"Est. reading time\" \/>\n\t<meta name=\"twitter:data1\" content=\"1 minute\" \/>\n<script type=\"application\/ld+json\" class=\"yoast-schema-graph\">{\"@context\":\"https:\/\/schema.org\",\"@graph\":[{\"@type\":\"WebPage\",\"@id\":\"https:\/\/www.ccb.pt\/en\/macccb\/colecao-ellipse\/\",\"url\":\"https:\/\/www.ccb.pt\/en\/macccb\/colecao-ellipse\/\",\"name\":\"Ellipse Collection - Centro Cultural de Bel\u00e9m Foundation\",\"isPartOf\":{\"@id\":\"https:\/\/www.ccb.pt\/#website\"},\"primaryImageOfPage\":{\"@id\":\"https:\/\/www.ccb.pt\/en\/macccb\/colecao-ellipse\/#primaryimage\"},\"image\":{\"@id\":\"https:\/\/www.ccb.pt\/en\/macccb\/colecao-ellipse\/#primaryimage\"},\"thumbnailUrl\":\"https:\/\/www.ccb.pt\/wp-content\/uploads\/2023\/10\/Colecao-Ellipse.jpg\",\"datePublished\":\"2023-09-26T13:49:45+00:00\",\"dateModified\":\"2026-02-16T17:09:09+00:00\",\"description\":\"The Holma\/Ellipse Collection consists of 860 works gathered by Jo\u00e3o Oliveira Rendeiro (a Portuguese banker) and a capital fund. The choice of pieces was decided by three curators: Pedro Lapa, Alexandre Melo and the North-american Manuel E. Gonz\u00e1lez, previously linked to the JP Morgan Chase bank collection.\",\"breadcrumb\":{\"@id\":\"https:\/\/www.ccb.pt\/en\/macccb\/colecao-ellipse\/#breadcrumb\"},\"inLanguage\":\"en-US\",\"potentialAction\":[{\"@type\":\"ReadAction\",\"target\":[\"https:\/\/www.ccb.pt\/en\/macccb\/colecao-ellipse\/\"]}]},{\"@type\":\"ImageObject\",\"inLanguage\":\"en-US\",\"@id\":\"https:\/\/www.ccb.pt\/en\/macccb\/colecao-ellipse\/#primaryimage\",\"url\":\"https:\/\/www.ccb.pt\/wp-content\/uploads\/2023\/10\/Colecao-Ellipse.jpg\",\"contentUrl\":\"https:\/\/www.ccb.pt\/wp-content\/uploads\/2023\/10\/Colecao-Ellipse.jpg\",\"width\":2000,\"height\":1336,\"caption\":\"escultura que est\u00e1 exposta na galeria da cole\u00e7\u00e3o berardo - Mac\/CCB\"},{\"@type\":\"BreadcrumbList\",\"@id\":\"https:\/\/www.ccb.pt\/en\/macccb\/colecao-ellipse\/#breadcrumb\",\"itemListElement\":[{\"@type\":\"ListItem\",\"position\":1,\"name\":\"Home\",\"item\":\"https:\/\/www.ccb.pt\/en\/\"},{\"@type\":\"ListItem\",\"position\":2,\"name\":\"MAC\/CCB MUSEUM OF CONTEMPORARY ART\",\"item\":\"https:\/\/www.ccb.pt\/en\/macccb\/\"},{\"@type\":\"ListItem\",\"position\":3,\"name\":\"Ellipse Collection\"}]},{\"@type\":\"WebSite\",\"@id\":\"https:\/\/www.ccb.pt\/#website\",\"url\":\"https:\/\/www.ccb.pt\/\",\"name\":\"Centro Cultural de Bel\u00e9m Foundation\",\"description\":\"\",\"publisher\":{\"@id\":\"https:\/\/www.ccb.pt\/#organization\"},\"potentialAction\":[{\"@type\":\"SearchAction\",\"target\":{\"@type\":\"EntryPoint\",\"urlTemplate\":\"https:\/\/www.ccb.pt\/?s={search_term_string}\"},\"query-input\":\"required name=search_term_string\"}],\"inLanguage\":\"en-US\"},{\"@type\":\"Organization\",\"@id\":\"https:\/\/www.ccb.pt\/#organization\",\"name\":\"Centro Cultural de Bel\u00e9m Foundation\",\"url\":\"https:\/\/www.ccb.pt\/\",\"logo\":{\"@type\":\"ImageObject\",\"inLanguage\":\"en-US\",\"@id\":\"https:\/\/www.ccb.pt\/#\/schema\/logo\/image\/\",\"url\":\"https:\/\/www.ccb.pt\/wp-content\/uploads\/2022\/05\/1_ccb.png\",\"contentUrl\":\"https:\/\/www.ccb.pt\/wp-content\/uploads\/2022\/05\/1_ccb.png\",\"width\":126,\"height\":100,\"caption\":\"Centro Cultural de Bel\u00e9m Foundation\"},\"image\":{\"@id\":\"https:\/\/www.ccb.pt\/#\/schema\/logo\/image\/\"},\"sameAs\":[\"https:\/\/twitter.com\/macccb_museu\"]}]}<\/script>\n<!-- \/ Yoast SEO plugin. -->","yoast_head_json":{"title":"Ellipse Collection - Centro Cultural de Bel\u00e9m Foundation","description":"The Holma\/Ellipse Collection consists of 860 works gathered by Jo\u00e3o Oliveira Rendeiro (a Portuguese banker) and a capital fund. The choice of pieces was decided by three curators: Pedro Lapa, Alexandre Melo and the North-american Manuel E. Gonz\u00e1lez, previously linked to the JP Morgan Chase bank collection.","robots":{"index":"index","follow":"follow","max-snippet":"max-snippet:-1","max-image-preview":"max-image-preview:large","max-video-preview":"max-video-preview:-1"},"canonical":"https:\/\/www.ccb.pt\/en\/macccb\/colecao-ellipse\/","og_locale":"en_US","og_type":"article","og_title":"Ellipse Collection - Centro Cultural de Bel\u00e9m Foundation","og_description":"The Holma\/Ellipse Collection consists of 860 works gathered by Jo\u00e3o Oliveira Rendeiro (a Portuguese banker) and a capital fund. The choice of pieces was decided by three curators: Pedro Lapa, Alexandre Melo and the North-american Manuel E. Gonz\u00e1lez, previously linked to the JP Morgan Chase bank collection.","og_url":"https:\/\/www.ccb.pt\/en\/macccb\/colecao-ellipse\/","og_site_name":"Centro Cultural de Bel\u00e9m Foundation","article_modified_time":"2026-02-16T17:09:09+00:00","og_image":[{"width":2000,"height":1336,"url":"https:\/\/www.ccb.pt\/wp-content\/uploads\/2023\/10\/Colecao-Ellipse.jpg","type":"image\/jpeg"}],"twitter_card":"summary_large_image","twitter_site":"@macccb_museu","twitter_misc":{"Est. reading time":"1 minute"},"schema":{"@context":"https:\/\/schema.org","@graph":[{"@type":"WebPage","@id":"https:\/\/www.ccb.pt\/en\/macccb\/colecao-ellipse\/","url":"https:\/\/www.ccb.pt\/en\/macccb\/colecao-ellipse\/","name":"Ellipse Collection - Centro Cultural de Bel\u00e9m Foundation","isPartOf":{"@id":"https:\/\/www.ccb.pt\/#website"},"primaryImageOfPage":{"@id":"https:\/\/www.ccb.pt\/en\/macccb\/colecao-ellipse\/#primaryimage"},"image":{"@id":"https:\/\/www.ccb.pt\/en\/macccb\/colecao-ellipse\/#primaryimage"},"thumbnailUrl":"https:\/\/www.ccb.pt\/wp-content\/uploads\/2023\/10\/Colecao-Ellipse.jpg","datePublished":"2023-09-26T13:49:45+00:00","dateModified":"2026-02-16T17:09:09+00:00","description":"The Holma\/Ellipse Collection consists of 860 works gathered by Jo\u00e3o Oliveira Rendeiro (a Portuguese banker) and a capital fund. The choice of pieces was decided by three curators: Pedro Lapa, Alexandre Melo and the North-american Manuel E. Gonz\u00e1lez, previously linked to the JP Morgan Chase bank collection.","breadcrumb":{"@id":"https:\/\/www.ccb.pt\/en\/macccb\/colecao-ellipse\/#breadcrumb"},"inLanguage":"en-US","potentialAction":[{"@type":"ReadAction","target":["https:\/\/www.ccb.pt\/en\/macccb\/colecao-ellipse\/"]}]},{"@type":"ImageObject","inLanguage":"en-US","@id":"https:\/\/www.ccb.pt\/en\/macccb\/colecao-ellipse\/#primaryimage","url":"https:\/\/www.ccb.pt\/wp-content\/uploads\/2023\/10\/Colecao-Ellipse.jpg","contentUrl":"https:\/\/www.ccb.pt\/wp-content\/uploads\/2023\/10\/Colecao-Ellipse.jpg","width":2000,"height":1336,"caption":"escultura que est\u00e1 exposta na galeria da cole\u00e7\u00e3o berardo - Mac\/CCB"},{"@type":"BreadcrumbList","@id":"https:\/\/www.ccb.pt\/en\/macccb\/colecao-ellipse\/#breadcrumb","itemListElement":[{"@type":"ListItem","position":1,"name":"Home","item":"https:\/\/www.ccb.pt\/en\/"},{"@type":"ListItem","position":2,"name":"MAC\/CCB MUSEUM OF CONTEMPORARY ART","item":"https:\/\/www.ccb.pt\/en\/macccb\/"},{"@type":"ListItem","position":3,"name":"Ellipse Collection"}]},{"@type":"WebSite","@id":"https:\/\/www.ccb.pt\/#website","url":"https:\/\/www.ccb.pt\/","name":"Centro Cultural de Bel\u00e9m Foundation","description":"","publisher":{"@id":"https:\/\/www.ccb.pt\/#organization"},"potentialAction":[{"@type":"SearchAction","target":{"@type":"EntryPoint","urlTemplate":"https:\/\/www.ccb.pt\/?s={search_term_string}"},"query-input":"required name=search_term_string"}],"inLanguage":"en-US"},{"@type":"Organization","@id":"https:\/\/www.ccb.pt\/#organization","name":"Centro Cultural de Bel\u00e9m Foundation","url":"https:\/\/www.ccb.pt\/","logo":{"@type":"ImageObject","inLanguage":"en-US","@id":"https:\/\/www.ccb.pt\/#\/schema\/logo\/image\/","url":"https:\/\/www.ccb.pt\/wp-content\/uploads\/2022\/05\/1_ccb.png","contentUrl":"https:\/\/www.ccb.pt\/wp-content\/uploads\/2022\/05\/1_ccb.png","width":126,"height":100,"caption":"Centro Cultural de Bel\u00e9m Foundation"},"image":{"@id":"https:\/\/www.ccb.pt\/#\/schema\/logo\/image\/"},"sameAs":["https:\/\/twitter.com\/macccb_museu"]}]}},"_links":{"self":[{"href":"https:\/\/www.ccb.pt\/en\/wp-json\/wp\/v2\/pages\/139394"}],"collection":[{"href":"https:\/\/www.ccb.pt\/en\/wp-json\/wp\/v2\/pages"}],"about":[{"href":"https:\/\/www.ccb.pt\/en\/wp-json\/wp\/v2\/types\/page"}],"author":[{"embeddable":true,"href":"https:\/\/www.ccb.pt\/en\/wp-json\/wp\/v2\/users\/5"}],"replies":[{"embeddable":true,"href":"https:\/\/www.ccb.pt\/en\/wp-json\/wp\/v2\/comments?post=139394"}],"version-history":[{"count":20,"href":"https:\/\/www.ccb.pt\/en\/wp-json\/wp\/v2\/pages\/139394\/revisions"}],"predecessor-version":[{"id":271534,"href":"https:\/\/www.ccb.pt\/en\/wp-json\/wp\/v2\/pages\/139394\/revisions\/271534"}],"up":[{"embeddable":true,"href":"https:\/\/www.ccb.pt\/en\/wp-json\/wp\/v2\/pages\/139425"}],"wp:featuredmedia":[{"embeddable":true,"href":"https:\/\/www.ccb.pt\/en\/wp-json\/wp\/v2\/media\/141140"}],"wp:attachment":[{"href":"https:\/\/www.ccb.pt\/en\/wp-json\/wp\/v2\/media?parent=139394"}],"wp:term":[{"taxonomy":"category","embeddable":true,"href":"https:\/\/www.ccb.pt\/en\/wp-json\/wp\/v2\/categories?post=139394"}],"curies":[{"name":"wp","href":"https:\/\/api.w.org\/{rel}","templated":true}]}}