    {"id":139387,"date":"2023-09-26T14:49:26","date_gmt":"2023-09-26T13:49:26","guid":{"rendered":"https:\/\/www.ccb.pt\/colecao-berardo\/"},"modified":"2023-12-22T16:55:43","modified_gmt":"2023-12-22T16:55:43","slug":"colecao-berardo","status":"publish","type":"page","link":"https:\/\/www.ccb.pt\/en\/macccb\/colecao-berardo\/","title":{"rendered":"Berardo Collection"},"content":{"rendered":"","protected":false},"excerpt":{"rendered":"","protected":false},"author":5,"featured_media":141131,"parent":139425,"menu_order":0,"comment_status":"closed","ping_status":"closed","template":"template-museu.php","meta":{"_relevanssi_hide_post":"","_relevanssi_pin_for_all":"","_relevanssi_pin_keywords":"","_relevanssi_unpin_keywords":"","_relevanssi_related_keywords":"","_relevanssi_related_include_ids":"","_relevanssi_related_exclude_ids":"","_relevanssi_related_no_append":"","_relevanssi_related_not_related":"","_relevanssi_related_posts":"6591,28153,24838","_relevanssi_noindex_reason":"","footnotes":""},"categories":[],"acf":[],"yoast_head":"<!-- This site is optimized with the Yoast SEO plugin v22.3 - https:\/\/yoast.com\/wordpress\/plugins\/seo\/ -->\n<title>Berardo Collection - Centro Cultural de Bel\u00e9m Foundation<\/title>\n<meta name=\"description\" content=\"The Berardo Collection presents the most significant artistic movements from the 20th century until the present day, highlighted by some of the greatest names of modern art such as Pablo Picasso, Marcel Duchamp, Max Ernst, Piet Mondrian, Joan Mir\u00f3, Francis Bacon, Yves Klein, Andy Warhol, Frank Stella, Gerhard Richter, among others.\" \/>\n<meta name=\"robots\" content=\"index, follow, max-snippet:-1, max-image-preview:large, max-video-preview:-1\" \/>\n<link rel=\"canonical\" href=\"https:\/\/www.ccb.pt\/en\/macccb\/colecao-berardo\/\" \/>\n<meta property=\"og:locale\" content=\"en_US\" \/>\n<meta property=\"og:type\" content=\"article\" \/>\n<meta property=\"og:title\" content=\"Berardo Collection - Centro Cultural de Bel\u00e9m Foundation\" \/>\n<meta property=\"og:description\" content=\"The Berardo Collection presents the most significant artistic movements from the 20th century until the present day, highlighted by some of the greatest names of modern art such as Pablo Picasso, Marcel Duchamp, Max Ernst, Piet Mondrian, Joan Mir\u00f3, Francis Bacon, Yves Klein, Andy Warhol, Frank Stella, Gerhard Richter, among others.\" \/>\n<meta property=\"og:url\" content=\"https:\/\/www.ccb.pt\/en\/macccb\/colecao-berardo\/\" \/>\n<meta property=\"og:site_name\" content=\"Centro Cultural de Bel\u00e9m Foundation\" \/>\n<meta property=\"article:modified_time\" content=\"2023-12-22T16:55:43+00:00\" \/>\n<meta property=\"og:image\" content=\"https:\/\/www.ccb.pt\/wp-content\/uploads\/2023\/10\/colecaoberardo-e1698394111553.jpg\" \/>\n\t<meta property=\"og:image:width\" content=\"2000\" \/>\n\t<meta property=\"og:image:height\" content=\"1336\" \/>\n\t<meta property=\"og:image:type\" content=\"image\/jpeg\" \/>\n<meta name=\"twitter:card\" content=\"summary_large_image\" \/>\n<meta name=\"twitter:site\" content=\"@macccb_museu\" \/>\n<script type=\"application\/ld+json\" class=\"yoast-schema-graph\">{\"@context\":\"https:\/\/schema.org\",\"@graph\":[{\"@type\":\"WebPage\",\"@id\":\"https:\/\/www.ccb.pt\/en\/macccb\/colecao-berardo\/\",\"url\":\"https:\/\/www.ccb.pt\/en\/macccb\/colecao-berardo\/\",\"name\":\"Berardo Collection - Centro Cultural de Bel\u00e9m Foundation\",\"isPartOf\":{\"@id\":\"https:\/\/www.ccb.pt\/#website\"},\"primaryImageOfPage\":{\"@id\":\"https:\/\/www.ccb.pt\/en\/macccb\/colecao-berardo\/#primaryimage\"},\"image\":{\"@id\":\"https:\/\/www.ccb.pt\/en\/macccb\/colecao-berardo\/#primaryimage\"},\"thumbnailUrl\":\"https:\/\/www.ccb.pt\/wp-content\/uploads\/2023\/10\/colecaoberardo-e1698394111553.jpg\",\"datePublished\":\"2023-09-26T13:49:26+00:00\",\"dateModified\":\"2023-12-22T16:55:43+00:00\",\"description\":\"The Berardo Collection presents the most significant artistic movements from the 20th century until the present day, highlighted by some of the greatest names of modern art such as Pablo Picasso, Marcel Duchamp, Max Ernst, Piet Mondrian, Joan Mir\u00f3, Francis Bacon, Yves Klein, Andy Warhol, Frank Stella, Gerhard Richter, among others.\",\"breadcrumb\":{\"@id\":\"https:\/\/www.ccb.pt\/en\/macccb\/colecao-berardo\/#breadcrumb\"},\"inLanguage\":\"en-US\",\"potentialAction\":[{\"@type\":\"ReadAction\",\"target\":[\"https:\/\/www.ccb.pt\/en\/macccb\/colecao-berardo\/\"]}]},{\"@type\":\"ImageObject\",\"inLanguage\":\"en-US\",\"@id\":\"https:\/\/www.ccb.pt\/en\/macccb\/colecao-berardo\/#primaryimage\",\"url\":\"https:\/\/www.ccb.pt\/wp-content\/uploads\/2023\/10\/colecaoberardo-e1698394111553.jpg\",\"contentUrl\":\"https:\/\/www.ccb.pt\/wp-content\/uploads\/2023\/10\/colecaoberardo-e1698394111553.jpg\",\"width\":2000,\"height\":1336,\"caption\":\"ilustra\u00e7\u00e3o de v\u00e1rias cores com figuras geometricas - sevi\u00e7os educativo do MAC\/CCB\"},{\"@type\":\"BreadcrumbList\",\"@id\":\"https:\/\/www.ccb.pt\/en\/macccb\/colecao-berardo\/#breadcrumb\",\"itemListElement\":[{\"@type\":\"ListItem\",\"position\":1,\"name\":\"Home\",\"item\":\"https:\/\/www.ccb.pt\/en\/\"},{\"@type\":\"ListItem\",\"position\":2,\"name\":\"MAC\/CCB MUSEUM OF CONTEMPORARY ART\",\"item\":\"https:\/\/www.ccb.pt\/en\/macccb\/\"},{\"@type\":\"ListItem\",\"position\":3,\"name\":\"Berardo Collection\"}]},{\"@type\":\"WebSite\",\"@id\":\"https:\/\/www.ccb.pt\/#website\",\"url\":\"https:\/\/www.ccb.pt\/\",\"name\":\"Centro Cultural de Bel\u00e9m Foundation\",\"description\":\"\",\"publisher\":{\"@id\":\"https:\/\/www.ccb.pt\/#organization\"},\"potentialAction\":[{\"@type\":\"SearchAction\",\"target\":{\"@type\":\"EntryPoint\",\"urlTemplate\":\"https:\/\/www.ccb.pt\/?s={search_term_string}\"},\"query-input\":\"required name=search_term_string\"}],\"inLanguage\":\"en-US\"},{\"@type\":\"Organization\",\"@id\":\"https:\/\/www.ccb.pt\/#organization\",\"name\":\"Centro Cultural de Bel\u00e9m Foundation\",\"url\":\"https:\/\/www.ccb.pt\/\",\"logo\":{\"@type\":\"ImageObject\",\"inLanguage\":\"en-US\",\"@id\":\"https:\/\/www.ccb.pt\/#\/schema\/logo\/image\/\",\"url\":\"https:\/\/www.ccb.pt\/wp-content\/uploads\/2022\/05\/1_ccb.png\",\"contentUrl\":\"https:\/\/www.ccb.pt\/wp-content\/uploads\/2022\/05\/1_ccb.png\",\"width\":126,\"height\":100,\"caption\":\"Centro Cultural de Bel\u00e9m Foundation\"},\"image\":{\"@id\":\"https:\/\/www.ccb.pt\/#\/schema\/logo\/image\/\"},\"sameAs\":[\"https:\/\/twitter.com\/macccb_museu\"]}]}<\/script>\n<!-- \/ Yoast SEO plugin. -->","yoast_head_json":{"title":"Berardo Collection - Centro Cultural de Bel\u00e9m Foundation","description":"The Berardo Collection presents the most significant artistic movements from the 20th century until the present day, highlighted by some of the greatest names of modern art such as Pablo Picasso, Marcel Duchamp, Max Ernst, Piet Mondrian, Joan Mir\u00f3, Francis Bacon, Yves Klein, Andy Warhol, Frank Stella, Gerhard Richter, among others.","robots":{"index":"index","follow":"follow","max-snippet":"max-snippet:-1","max-image-preview":"max-image-preview:large","max-video-preview":"max-video-preview:-1"},"canonical":"https:\/\/www.ccb.pt\/en\/macccb\/colecao-berardo\/","og_locale":"en_US","og_type":"article","og_title":"Berardo Collection - Centro Cultural de Bel\u00e9m Foundation","og_description":"The Berardo Collection presents the most significant artistic movements from the 20th century until the present day, highlighted by some of the greatest names of modern art such as Pablo Picasso, Marcel Duchamp, Max Ernst, Piet Mondrian, Joan Mir\u00f3, Francis Bacon, Yves Klein, Andy Warhol, Frank Stella, Gerhard Richter, among others.","og_url":"https:\/\/www.ccb.pt\/en\/macccb\/colecao-berardo\/","og_site_name":"Centro Cultural de Bel\u00e9m Foundation","article_modified_time":"2023-12-22T16:55:43+00:00","og_image":[{"width":2000,"height":1336,"url":"https:\/\/www.ccb.pt\/wp-content\/uploads\/2023\/10\/colecaoberardo-e1698394111553.jpg","type":"image\/jpeg"}],"twitter_card":"summary_large_image","twitter_site":"@macccb_museu","schema":{"@context":"https:\/\/schema.org","@graph":[{"@type":"WebPage","@id":"https:\/\/www.ccb.pt\/en\/macccb\/colecao-berardo\/","url":"https:\/\/www.ccb.pt\/en\/macccb\/colecao-berardo\/","name":"Berardo Collection - Centro Cultural de Bel\u00e9m Foundation","isPartOf":{"@id":"https:\/\/www.ccb.pt\/#website"},"primaryImageOfPage":{"@id":"https:\/\/www.ccb.pt\/en\/macccb\/colecao-berardo\/#primaryimage"},"image":{"@id":"https:\/\/www.ccb.pt\/en\/macccb\/colecao-berardo\/#primaryimage"},"thumbnailUrl":"https:\/\/www.ccb.pt\/wp-content\/uploads\/2023\/10\/colecaoberardo-e1698394111553.jpg","datePublished":"2023-09-26T13:49:26+00:00","dateModified":"2023-12-22T16:55:43+00:00","description":"The Berardo Collection presents the most significant artistic movements from the 20th century until the present day, highlighted by some of the greatest names of modern art such as Pablo Picasso, Marcel Duchamp, Max Ernst, Piet Mondrian, Joan Mir\u00f3, Francis Bacon, Yves Klein, Andy Warhol, Frank Stella, Gerhard Richter, among others.","breadcrumb":{"@id":"https:\/\/www.ccb.pt\/en\/macccb\/colecao-berardo\/#breadcrumb"},"inLanguage":"en-US","potentialAction":[{"@type":"ReadAction","target":["https:\/\/www.ccb.pt\/en\/macccb\/colecao-berardo\/"]}]},{"@type":"ImageObject","inLanguage":"en-US","@id":"https:\/\/www.ccb.pt\/en\/macccb\/colecao-berardo\/#primaryimage","url":"https:\/\/www.ccb.pt\/wp-content\/uploads\/2023\/10\/colecaoberardo-e1698394111553.jpg","contentUrl":"https:\/\/www.ccb.pt\/wp-content\/uploads\/2023\/10\/colecaoberardo-e1698394111553.jpg","width":2000,"height":1336,"caption":"ilustra\u00e7\u00e3o de v\u00e1rias cores com figuras geometricas - sevi\u00e7os educativo do MAC\/CCB"},{"@type":"BreadcrumbList","@id":"https:\/\/www.ccb.pt\/en\/macccb\/colecao-berardo\/#breadcrumb","itemListElement":[{"@type":"ListItem","position":1,"name":"Home","item":"https:\/\/www.ccb.pt\/en\/"},{"@type":"ListItem","position":2,"name":"MAC\/CCB MUSEUM OF CONTEMPORARY ART","item":"https:\/\/www.ccb.pt\/en\/macccb\/"},{"@type":"ListItem","position":3,"name":"Berardo Collection"}]},{"@type":"WebSite","@id":"https:\/\/www.ccb.pt\/#website","url":"https:\/\/www.ccb.pt\/","name":"Centro Cultural de Bel\u00e9m Foundation","description":"","publisher":{"@id":"https:\/\/www.ccb.pt\/#organization"},"potentialAction":[{"@type":"SearchAction","target":{"@type":"EntryPoint","urlTemplate":"https:\/\/www.ccb.pt\/?s={search_term_string}"},"query-input":"required name=search_term_string"}],"inLanguage":"en-US"},{"@type":"Organization","@id":"https:\/\/www.ccb.pt\/#organization","name":"Centro Cultural de Bel\u00e9m Foundation","url":"https:\/\/www.ccb.pt\/","logo":{"@type":"ImageObject","inLanguage":"en-US","@id":"https:\/\/www.ccb.pt\/#\/schema\/logo\/image\/","url":"https:\/\/www.ccb.pt\/wp-content\/uploads\/2022\/05\/1_ccb.png","contentUrl":"https:\/\/www.ccb.pt\/wp-content\/uploads\/2022\/05\/1_ccb.png","width":126,"height":100,"caption":"Centro Cultural de Bel\u00e9m Foundation"},"image":{"@id":"https:\/\/www.ccb.pt\/#\/schema\/logo\/image\/"},"sameAs":["https:\/\/twitter.com\/macccb_museu"]}]}},"_links":{"self":[{"href":"https:\/\/www.ccb.pt\/en\/wp-json\/wp\/v2\/pages\/139387"}],"collection":[{"href":"https:\/\/www.ccb.pt\/en\/wp-json\/wp\/v2\/pages"}],"about":[{"href":"https:\/\/www.ccb.pt\/en\/wp-json\/wp\/v2\/types\/page"}],"author":[{"embeddable":true,"href":"https:\/\/www.ccb.pt\/en\/wp-json\/wp\/v2\/users\/5"}],"replies":[{"embeddable":true,"href":"https:\/\/www.ccb.pt\/en\/wp-json\/wp\/v2\/comments?post=139387"}],"version-history":[{"count":11,"href":"https:\/\/www.ccb.pt\/en\/wp-json\/wp\/v2\/pages\/139387\/revisions"}],"predecessor-version":[{"id":148439,"href":"https:\/\/www.ccb.pt\/en\/wp-json\/wp\/v2\/pages\/139387\/revisions\/148439"}],"up":[{"embeddable":true,"href":"https:\/\/www.ccb.pt\/en\/wp-json\/wp\/v2\/pages\/139425"}],"wp:featuredmedia":[{"embeddable":true,"href":"https:\/\/www.ccb.pt\/en\/wp-json\/wp\/v2\/media\/141131"}],"wp:attachment":[{"href":"https:\/\/www.ccb.pt\/en\/wp-json\/wp\/v2\/media?parent=139387"}],"wp:term":[{"taxonomy":"category","embeddable":true,"href":"https:\/\/www.ccb.pt\/en\/wp-json\/wp\/v2\/categories?post=139387"}],"curies":[{"name":"wp","href":"https:\/\/api.w.org\/{rel}","templated":true}]}}